{"id":142,"date":"2023-09-12T11:02:16","date_gmt":"2023-09-12T14:02:16","guid":{"rendered":"http:\/\/localhost\/precicast2\/?page_id=142"},"modified":"2023-10-26T11:46:58","modified_gmt":"2023-10-26T14:46:58","slug":"certificacoes","status":"publish","type":"page","link":"https:\/\/www.precicast.com.br\/de\/sobre-nos\/certificacoes\/","title":{"rendered":"Zertifizierungen"},"content":{"rendered":"<div data-elementor-type=\"wp-page\" data-elementor-id=\"142\" class=\"elementor elementor-142\" data-elementor-post-type=\"page\">\n\t\t\t\t\t\t\t<div class=\"elementor-element elementor-element-7565618 e-flex e-con-boxed e-con e-parent\" data-id=\"7565618\" data-element_type=\"container\" data-settings=\"{&quot;container_type&quot;:&quot;flex&quot;,&quot;content_width&quot;:&quot;boxed&quot;}\" data-core-v316-plus=\"true\">\n\t\t\t\t\t<div class=\"e-con-inner\">\n\t\t<div class=\"elementor-element elementor-element-4d3846d e-con-full e-flex e-con e-child\" data-id=\"4d3846d\" data-element_type=\"container\" data-settings=\"{&quot;content_width&quot;:&quot;full&quot;,&quot;container_type&quot;:&quot;flex&quot;}\">\n\t\t\t\t<div class=\"elementor-element elementor-element-3772c2a elementor-widget elementor-widget-image\" data-id=\"3772c2a\" data-element_type=\"widget\" data-widget_type=\"image.default\">\n\t\t\t\t<div class=\"elementor-widget-container\">\n\t\t\t<style>\/*! elementor - v3.16.0 - 17-10-2023 *\/\n.elementor-widget-image{text-align:center}.elementor-widget-image a{display:inline-block}.elementor-widget-image a img[src$=\".svg\"]{width:48px}.elementor-widget-image img{vertical-align:middle;display:inline-block}<\/style>\t\t\t\t\t\t\t\t\t\t\t\t<img loading=\"lazy\" decoding=\"async\" width=\"600\" height=\"600\" src=\"https:\/\/www.precicast.com.br\/wp-content\/uploads\/2023\/10\/certificado.png\" class=\"attachment-full size-full wp-image-1819\" alt=\"\" srcset=\"https:\/\/www.precicast.com.br\/wp-content\/uploads\/2023\/10\/certificado.png 600w, https:\/\/www.precicast.com.br\/wp-content\/uploads\/2023\/10\/certificado-300x300.png 300w, https:\/\/www.precicast.com.br\/wp-content\/uploads\/2023\/10\/certificado-150x150.png 150w\" sizes=\"auto, (max-width: 600px) 100vw, 600px\" \/>\t\t\t\t\t\t\t\t\t\t\t\t\t\t\t<\/div>\n\t\t\t\t<\/div>\n\t\t\t\t<div class=\"elementor-element elementor-element-65bff5d elementor-widget elementor-widget-text-editor\" data-id=\"65bff5d\" data-element_type=\"widget\" data-widget_type=\"text-editor.default\">\n\t\t\t\t<div class=\"elementor-widget-container\">\n\t\t\t<style>\/*! elementor - v3.16.0 - 17-10-2023 *\/\n.elementor-widget-text-editor.elementor-drop-cap-view-stacked .elementor-drop-cap{background-color:#69727d;color:#fff}.elementor-widget-text-editor.elementor-drop-cap-view-framed .elementor-drop-cap{color:#69727d;border:3px solid;background-color:transparent}.elementor-widget-text-editor:not(.elementor-drop-cap-view-default) .elementor-drop-cap{margin-top:8px}.elementor-widget-text-editor:not(.elementor-drop-cap-view-default) .elementor-drop-cap-letter{width:1em;height:1em}.elementor-widget-text-editor .elementor-drop-cap{float:left;text-align:center;line-height:1;font-size:50px}.elementor-widget-text-editor .elementor-drop-cap-letter{display:inline-block}<\/style>\t\t\t\t<p>Die Verleihung eines Qualit\u00e4tszertifikats ist f\u00fcr uns ein Moment gro\u00dfen Stolzes. Es best\u00e4tigt, dass Precicast sich f\u00fcr Spitzenleistungen und Kundenzufriedenheit einsetzt.<\/p><p>Das Qualit\u00e4tszertifikat ist ein Dokument, das bescheinigt, dass Precicast eine Reihe von weltweit festgelegten Anforderungen erf\u00fcllt.<\/p>\t\t\t\t\t\t<\/div>\n\t\t\t\t<\/div>\n\t\t\t\t<\/div>\n\t\t<div class=\"elementor-element elementor-element-a359313 e-con-full e-flex e-con e-child\" data-id=\"a359313\" data-element_type=\"container\" data-settings=\"{&quot;content_width&quot;:&quot;full&quot;,&quot;container_type&quot;:&quot;flex&quot;}\">\n\t\t\t\t<div class=\"elementor-element elementor-element-f6fa288 elementor-widget elementor-widget-jet-listing-grid\" data-id=\"f6fa288\" data-element_type=\"widget\" data-settings=\"{&quot;columns&quot;:&quot;1&quot;,&quot;columns_tablet&quot;:&quot;1&quot;}\" data-widget_type=\"jet-listing-grid.default\">\n\t\t\t\t<div class=\"elementor-widget-container\">\n\t\t\t<div class=\"jet-listing-grid jet-listing\"><div class=\"jet-listing-grid__items grid-col-desk-1 grid-col-tablet-1 grid-col-mobile-1 jet-listing-grid--596\"  data-nav=\"{&quot;enabled&quot;:true,&quot;type&quot;:&quot;scroll&quot;,&quot;more_el&quot;:null,&quot;query&quot;:{&quot;post_status&quot;:[&quot;publish&quot;],&quot;post_type&quot;:&quot;certificacoes&quot;,&quot;posts_per_page&quot;:&quot;20&quot;,&quot;paged&quot;:&quot;1&quot;,&quot;ignore_sticky_posts&quot;:&quot;1&quot;},&quot;widget_settings&quot;:{&quot;lisitng_id&quot;:596,&quot;posts_num&quot;:20,&quot;columns&quot;:1,&quot;columns_tablet&quot;:1,&quot;columns_mobile&quot;:1,&quot;is_archive_template&quot;:&quot;&quot;,&quot;post_status&quot;:[&quot;publish&quot;],&quot;use_random_posts_num&quot;:&quot;&quot;,&quot;max_posts_num&quot;:9,&quot;not_found_message&quot;:&quot;No data was found&quot;,&quot;is_masonry&quot;:false,&quot;equal_columns_height&quot;:&quot;&quot;,&quot;use_load_more&quot;:&quot;yes&quot;,&quot;load_more_id&quot;:&quot;&quot;,&quot;load_more_type&quot;:&quot;scroll&quot;,&quot;load_more_offset&quot;:{&quot;unit&quot;:&quot;px&quot;,&quot;size&quot;:0,&quot;sizes&quot;:[]},&quot;use_custom_post_types&quot;:&quot;&quot;,&quot;custom_post_types&quot;:[],&quot;hide_widget_if&quot;:&quot;&quot;,&quot;carousel_enabled&quot;:&quot;&quot;,&quot;slides_to_scroll&quot;:&quot;1&quot;,&quot;arrows&quot;:&quot;true&quot;,&quot;arrow_icon&quot;:&quot;fa fa-angle-left&quot;,&quot;dots&quot;:&quot;&quot;,&quot;autoplay&quot;:&quot;true&quot;,&quot;autoplay_speed&quot;:5000,&quot;infinite&quot;:&quot;true&quot;,&quot;center_mode&quot;:&quot;&quot;,&quot;effect&quot;:&quot;slide&quot;,&quot;speed&quot;:500,&quot;inject_alternative_items&quot;:&quot;&quot;,&quot;injection_items&quot;:[],&quot;scroll_slider_enabled&quot;:&quot;&quot;,&quot;scroll_slider_on&quot;:[&quot;desktop&quot;,&quot;tablet&quot;,&quot;mobile&quot;],&quot;custom_query&quot;:false,&quot;custom_query_id&quot;:&quot;&quot;,&quot;_element_id&quot;:&quot;&quot;}}\" data-page=\"1\" data-pages=\"1\" data-listing-source=\"posts\" data-listing-id=\"596\" data-query-id=\"\"><style>.elementor-596 .elementor-element.elementor-element-079d7df{--display:flex;--min-height:150px;--flex-direction:row;--container-widget-width:initial;--container-widget-height:100%;--container-widget-flex-grow:1;--container-widget-align-self:stretch;--background-transition:0.3s;border-style:solid;--border-style:solid;border-width:1px 1px 1px 1px;--border-block-start-width:1px;--border-inline-end-width:1px;--border-block-end-width:1px;--border-inline-start-width:1px;border-color:#D1D1D1;--border-color:#D1D1D1;--border-radius:10px 10px 10px 10px;--padding-block-start:0px;--padding-block-end:0px;--padding-inline-start:0px;--padding-inline-end:0px;}.elementor-596 .elementor-element.elementor-element-079d7df:hover{background-color:var( --e-global-color-primary );}.elementor-596 .elementor-element.elementor-element-079d7df, .elementor-596 .elementor-element.elementor-element-079d7df::before{--border-transition:0.3s;}.elementor-596 .elementor-element.elementor-element-750fce6 .jet-listing-dynamic-image{justify-content:flex-start;}.elementor-596 .elementor-element.elementor-element-750fce6 .jet-listing-dynamic-image img{height:120px;object-fit:contain;}.elementor-596 .elementor-element.elementor-element-750fce6 > .elementor-widget-container{padding:15px 0px 0px 0px;}.elementor-596 .elementor-element.elementor-element-750fce6{top:0px;z-index:0;}.elementor-596 .elementor-element.elementor-element-affd02a .jet-listing-dynamic-field__content{font-size:20px;text-align:left;}.elementor-596 .elementor-element.elementor-element-affd02a .jet-listing-dynamic-field .jet-listing-dynamic-field__inline-wrap{width:auto;}.elementor-596 .elementor-element.elementor-element-affd02a .jet-listing-dynamic-field .jet-listing-dynamic-field__content{width:auto;}.elementor-596 .elementor-element.elementor-element-affd02a .jet-listing-dynamic-field{justify-content:flex-start;}.elementor-596 .elementor-element.elementor-element-affd02a{width:100%;max-width:100%;}@media(max-width:767px){.elementor-596 .elementor-element.elementor-element-affd02a .jet-listing-dynamic-field__content{font-size:16px;}}<\/style><div class=\"jet-listing-grid__item jet-listing-dynamic-post-2247\" data-post-id=\"2247\" >\t\t<div data-elementor-type=\"jet-listing-items\" data-elementor-id=\"596\" class=\"elementor elementor-596\" data-elementor-post-type=\"jet-engine\">\n\t\t\t\t\t\t\t<div class=\"elementor-element elementor-element-079d7df e-flex e-con-boxed e-con e-parent\" data-id=\"079d7df\" data-element_type=\"container\" data-settings=\"{&quot;container_type&quot;:&quot;flex&quot;,&quot;content_width&quot;:&quot;boxed&quot;}\" data-core-v316-plus=\"true\">\n\t\t\t\t\t<div class=\"e-con-inner\">\n\t\t\t\t<div class=\"elementor-element elementor-element-750fce6 elementor-absolute elementor-widget elementor-widget-jet-listing-dynamic-image\" data-id=\"750fce6\" data-element_type=\"widget\" data-settings=\"{&quot;_position&quot;:&quot;absolute&quot;}\" data-widget_type=\"jet-listing-dynamic-image.default\">\n\t\t\t\t<div class=\"elementor-widget-container\">\n\t\t\t<div class=\"jet-listing jet-listing-dynamic-image\"><img decoding=\"async\" width=\"106\" height=\"150\" src=\"https:\/\/www.precicast.com.br\/wp-content\/uploads\/2024\/06\/Certificate-BR042123-IATF-16949-pdf-106x150.jpg\" class=\"jet-listing-dynamic-image__img attachment-thumbnail size-thumbnail\" alt=\"Certificate BR042123 - IATF 16949\" loading=\"lazy\" \/><\/div>\t\t<\/div>\n\t\t\t\t<\/div>\n\t\t\t\t<div class=\"elementor-element elementor-element-affd02a elementor-widget__width-inherit elementor-widget elementor-widget-jet-listing-dynamic-field\" data-id=\"affd02a\" data-element_type=\"widget\" data-widget_type=\"jet-listing-dynamic-field.default\">\n\t\t\t\t<div class=\"elementor-widget-container\">\n\t\t\t<div class=\"jet-listing jet-listing-dynamic-field display-inline\"><div class=\"jet-listing-dynamic-field__inline-wrap\"><div class=\"jet-listing-dynamic-field__content\"><a href=\"https:\/\/www.precicast.com.br\/wp-content\/uploads\/2024\/06\/Certificate-BR042123-IATF-16949.pdf\" target=\"_blank\">Certificate BR042123 &#8211; IATF 16949<\/a><\/div><\/div><\/div>\t\t<\/div>\n\t\t\t\t<\/div>\n\t\t\t\t\t<\/div>\n\t\t\t\t<\/div>\n\t\t\t\t\t\t\t<\/div>\n\t\t<\/div><div class=\"jet-listing-grid__item jet-listing-dynamic-post-2166\" data-post-id=\"2166\" >\t\t<div data-elementor-type=\"jet-listing-items\" data-elementor-id=\"596\" class=\"elementor elementor-596\" data-elementor-post-type=\"jet-engine\">\n\t\t\t\t\t\t\t<div class=\"elementor-element elementor-element-079d7df e-flex e-con-boxed e-con e-parent\" data-id=\"079d7df\" data-element_type=\"container\" data-settings=\"{&quot;container_type&quot;:&quot;flex&quot;,&quot;content_width&quot;:&quot;boxed&quot;}\" data-core-v316-plus=\"true\">\n\t\t\t\t\t<div class=\"e-con-inner\">\n\t\t\t\t<div class=\"elementor-element elementor-element-750fce6 elementor-absolute elementor-widget elementor-widget-jet-listing-dynamic-image\" data-id=\"750fce6\" data-element_type=\"widget\" data-settings=\"{&quot;_position&quot;:&quot;absolute&quot;}\" data-widget_type=\"jet-listing-dynamic-image.default\">\n\t\t\t\t<div class=\"elementor-widget-container\">\n\t\t\t<div class=\"jet-listing jet-listing-dynamic-image\"><img decoding=\"async\" width=\"106\" height=\"150\" src=\"https:\/\/www.precicast.com.br\/wp-content\/uploads\/2024\/04\/Certificate-BR041730-ISO9001.2015-pdf-106x150.jpg\" class=\"jet-listing-dynamic-image__img attachment-thumbnail size-thumbnail\" alt=\"Certificate BR041730 ISO9001.2015\" loading=\"lazy\" \/><\/div>\t\t<\/div>\n\t\t\t\t<\/div>\n\t\t\t\t<div class=\"elementor-element elementor-element-affd02a elementor-widget__width-inherit elementor-widget elementor-widget-jet-listing-dynamic-field\" data-id=\"affd02a\" data-element_type=\"widget\" data-widget_type=\"jet-listing-dynamic-field.default\">\n\t\t\t\t<div class=\"elementor-widget-container\">\n\t\t\t<div class=\"jet-listing jet-listing-dynamic-field display-inline\"><div class=\"jet-listing-dynamic-field__inline-wrap\"><div class=\"jet-listing-dynamic-field__content\"><a href=\"https:\/\/www.precicast.com.br\/wp-content\/uploads\/2024\/04\/Certificate-BR041730-ISO9001.2015.pdf\" target=\"_blank\">Certificate BR041730 ISO9001.2015<\/a><\/div><\/div><\/div>\t\t<\/div>\n\t\t\t\t<\/div>\n\t\t\t\t\t<\/div>\n\t\t\t\t<\/div>\n\t\t\t\t\t\t\t<\/div>\n\t\t<\/div><\/div><div class=\"jet-listing-grid__loader\"><div class=\"jet-listing-grid__loader-text\">Wird geladen...<\/div><\/div><\/div>\t\t<\/div>\n\t\t\t\t<\/div>\n\t\t\t\t<\/div>\n\t\t\t\t\t<\/div>\n\t\t\t\t<\/div>\n\t\t\t\t\t\t\t<\/div>","protected":false},"excerpt":{"rendered":"<p>Receber um certificado de qualidade \u00e9 um momento de grande orgulho para n\u00f3s. \u00c9 um reconhecimento que a Precicast est\u00e1 comprometida com a excel\u00eancia e com a satisfa\u00e7\u00e3o do cliente. O certificado de qualidade \u00e9 um documento que atesta que a Precicast atende a um conjunto de requisitos estabelecidos mundialmente. Certificate BR035904 IATF Certificate BR036204 [&hellip;]<\/p>","protected":false},"author":1,"featured_media":0,"parent":154,"menu_order":0,"comment_status":"closed","ping_status":"closed","template":"","meta":{"footnotes":""},"class_list":["post-142","page","type-page","status-publish","hentry"],"_links":{"self":[{"href":"https:\/\/www.precicast.com.br\/de\/wp-json\/wp\/v2\/pages\/142","targetHints":{"allow":["GET"]}}],"collection":[{"href":"https:\/\/www.precicast.com.br\/de\/wp-json\/wp\/v2\/pages"}],"about":[{"href":"https:\/\/www.precicast.com.br\/de\/wp-json\/wp\/v2\/types\/page"}],"author":[{"embeddable":true,"href":"https:\/\/www.precicast.com.br\/de\/wp-json\/wp\/v2\/users\/1"}],"replies":[{"embeddable":true,"href":"https:\/\/www.precicast.com.br\/de\/wp-json\/wp\/v2\/comments?post=142"}],"version-history":[{"count":97,"href":"https:\/\/www.precicast.com.br\/de\/wp-json\/wp\/v2\/pages\/142\/revisions"}],"predecessor-version":[{"id":1822,"href":"https:\/\/www.precicast.com.br\/de\/wp-json\/wp\/v2\/pages\/142\/revisions\/1822"}],"up":[{"embeddable":true,"href":"https:\/\/www.precicast.com.br\/de\/wp-json\/wp\/v2\/pages\/154"}],"wp:attachment":[{"href":"https:\/\/www.precicast.com.br\/de\/wp-json\/wp\/v2\/media?parent=142"}],"curies":[{"name":"wp","href":"https:\/\/api.w.org\/{rel}","templated":true}]}}