{"id":160,"date":"2023-09-12T11:03:56","date_gmt":"2023-09-12T14:03:56","guid":{"rendered":"http:\/\/localhost\/precicast2\/?page_id=160"},"modified":"2024-01-31T10:26:43","modified_gmt":"2024-01-31T13:26:43","slug":"sustentabilidade","status":"publish","type":"page","link":"https:\/\/www.precicast.com.br\/de\/sustentabilidade\/","title":{"rendered":"Nachhaltigkeit und ESG"},"content":{"rendered":"<div data-elementor-type=\"wp-page\" data-elementor-id=\"160\" class=\"elementor elementor-160\" data-elementor-post-type=\"page\">\n\t\t\t\t\t\t\t<div class=\"elementor-element elementor-element-58632d6 e-flex e-con-boxed e-con e-parent\" data-id=\"58632d6\" data-element_type=\"container\" data-settings=\"{&quot;container_type&quot;:&quot;flex&quot;,&quot;content_width&quot;:&quot;boxed&quot;}\" data-core-v316-plus=\"true\">\n\t\t\t\t\t<div class=\"e-con-inner\">\n\t\t<div class=\"elementor-element elementor-element-9eb5952 e-con-full e-flex e-con e-child\" data-id=\"9eb5952\" data-element_type=\"container\" data-settings=\"{&quot;content_width&quot;:&quot;full&quot;,&quot;container_type&quot;:&quot;flex&quot;}\">\n\t\t\t\t<div class=\"elementor-element elementor-element-62250a2 elementor-widget elementor-widget-image\" data-id=\"62250a2\" data-element_type=\"widget\" data-widget_type=\"image.default\">\n\t\t\t\t<div class=\"elementor-widget-container\">\n\t\t\t<style>\/*! elementor - v3.16.0 - 17-10-2023 *\/\n.elementor-widget-image{text-align:center}.elementor-widget-image a{display:inline-block}.elementor-widget-image a img[src$=\".svg\"]{width:48px}.elementor-widget-image img{vertical-align:middle;display:inline-block}<\/style>\t\t\t\t\t\t\t\t\t\t\t\t<img loading=\"lazy\" decoding=\"async\" width=\"600\" height=\"450\" src=\"https:\/\/www.precicast.com.br\/wp-content\/uploads\/2024\/01\/LOGO-ESG.jpg\" class=\"attachment-full size-full wp-image-2078\" alt=\"\" srcset=\"https:\/\/www.precicast.com.br\/wp-content\/uploads\/2024\/01\/LOGO-ESG.jpg 600w, https:\/\/www.precicast.com.br\/wp-content\/uploads\/2024\/01\/LOGO-ESG-300x225.jpg 300w, https:\/\/www.precicast.com.br\/wp-content\/uploads\/2024\/01\/LOGO-ESG-16x12.jpg 16w\" sizes=\"auto, (max-width: 600px) 100vw, 600px\" \/>\t\t\t\t\t\t\t\t\t\t\t\t\t\t\t<\/div>\n\t\t\t\t<\/div>\n\t\t\t\t<\/div>\n\t\t<div class=\"elementor-element elementor-element-7bb2905 e-con-full e-flex e-con e-child\" data-id=\"7bb2905\" data-element_type=\"container\" data-settings=\"{&quot;content_width&quot;:&quot;full&quot;,&quot;container_type&quot;:&quot;flex&quot;}\">\n\t\t\t\t<div class=\"elementor-element elementor-element-912c69a elementor-widget elementor-widget-heading\" data-id=\"912c69a\" data-element_type=\"widget\" data-widget_type=\"heading.default\">\n\t\t\t\t<div class=\"elementor-widget-container\">\n\t\t\t<style>\/*! elementor - v3.16.0 - 17-10-2023 *\/\n.elementor-heading-title{padding:0;margin:0;line-height:1}.elementor-widget-heading .elementor-heading-title[class*=elementor-size-]>a{color:inherit;font-size:inherit;line-height:inherit}.elementor-widget-heading .elementor-heading-title.elementor-size-small{font-size:15px}.elementor-widget-heading .elementor-heading-title.elementor-size-medium{font-size:19px}.elementor-widget-heading .elementor-heading-title.elementor-size-large{font-size:29px}.elementor-widget-heading .elementor-heading-title.elementor-size-xl{font-size:39px}.elementor-widget-heading .elementor-heading-title.elementor-size-xxl{font-size:59px}<\/style><div class=\"elementor-heading-title elementor-size-default\">Cuidando hoje para preservar o futuro<\/div>\t\t<\/div>\n\t\t\t\t<\/div>\n\t\t\t\t<div class=\"elementor-element elementor-element-48a4a5e elementor-widget elementor-widget-text-editor\" data-id=\"48a4a5e\" data-element_type=\"widget\" data-widget_type=\"text-editor.default\">\n\t\t\t\t<div class=\"elementor-widget-container\">\n\t\t\t<style>\/*! elementor - v3.16.0 - 17-10-2023 *\/\n.elementor-widget-text-editor.elementor-drop-cap-view-stacked .elementor-drop-cap{background-color:#69727d;color:#fff}.elementor-widget-text-editor.elementor-drop-cap-view-framed .elementor-drop-cap{color:#69727d;border:3px solid;background-color:transparent}.elementor-widget-text-editor:not(.elementor-drop-cap-view-default) .elementor-drop-cap{margin-top:8px}.elementor-widget-text-editor:not(.elementor-drop-cap-view-default) .elementor-drop-cap-letter{width:1em;height:1em}.elementor-widget-text-editor .elementor-drop-cap{float:left;text-align:center;line-height:1;font-size:50px}.elementor-widget-text-editor .elementor-drop-cap-letter{display:inline-block}<\/style>\t\t\t\t<p>Precicast ist sich bewusst, dass sein Handeln in dem Umfeld, in dem es t\u00e4tig ist, von Bedeutung ist, und dass unsere Rolle als Unternehmen weit \u00fcber die F\u00f6rderung der regionalen Wirtschaft und die Schaffung von Arbeitspl\u00e4tzen hinausgeht.<\/p><p>Wir m\u00fcssen uns um unseren Planeten k\u00fcmmern, und heutzutage reicht es nicht mehr aus, unsere externen Effekte zu stoppen.<\/p><p>Wir m\u00fcssen uns regenerieren, auff\u00fcllen und f\u00fcr Ver\u00e4nderungen, Bewusstseinsbildung und F\u00fcrsorge sorgen, und deshalb richtet sich unser Handeln nach den ESG-Grunds\u00e4tzen (Environmental, Social and Governance).<\/p><p>Als nachhaltiges Unternehmen f\u00fcr alle seine Stakeholder ist es das Ziel von PRECICAST BR, Ma\u00dfnahmen zum Schutz der Umwelt zu ergreifen, soziale Gerechtigkeit zu f\u00f6rdern und sicherzustellen, dass unsere Prozesse transparent sind und auf ethischen Grunds\u00e4tzen basieren.<\/p>\t\t\t\t\t\t<\/div>\n\t\t\t\t<\/div>\n\t\t\t\t<div class=\"elementor-element elementor-element-0405ccc elementor-icon-list--layout-inline elementor-align-center elementor-list-item-link-full_width elementor-widget elementor-widget-icon-list\" data-id=\"0405ccc\" data-element_type=\"widget\" data-widget_type=\"icon-list.default\">\n\t\t\t\t<div class=\"elementor-widget-container\">\n\t\t\t<link rel=\"stylesheet\" href=\"https:\/\/www.precicast.com.br\/wp-content\/plugins\/elementor\/assets\/css\/widget-icon-list.min.css\">\t\t<ul class=\"elementor-icon-list-items elementor-inline-items\">\n\t\t\t\t\t\t\t<li class=\"elementor-icon-list-item elementor-inline-item\">\n\t\t\t\t\t\t\t\t\t\t\t<span class=\"elementor-icon-list-icon\">\n\t\t\t\t\t\t\t<svg xmlns=\"http:\/\/www.w3.org\/2000\/svg\" xmlns:xlink=\"http:\/\/www.w3.org\/1999\/xlink\" viewbox=\"0 0 394.724 394.722\"><defs><lineargradient id=\"linear-gradient\" x1=\"-199.726\" y1=\"-242.57\" x2=\"590.522\" y2=\"632.132\" gradienttransform=\"translate(199.958 -82.896) rotate(45)\" gradientunits=\"userSpaceOnUse\"><stop offset=\"0.001\" stop-color=\"#c8d656\"><\/stop><stop offset=\"0.139\" stop-color=\"#c2d252\"><\/stop><stop offset=\"0.334\" stop-color=\"#afc946\"><\/stop><stop offset=\"0.561\" stop-color=\"#91b832\"><\/stop><stop offset=\"0.81\" stop-color=\"#68a218\"><\/stop><stop offset=\"1\" stop-color=\"#448e00\"><\/stop><\/lineargradient><lineargradient id=\"linear-gradient-2\" x1=\"346.741\" y1=\"372.328\" x2=\"44.636\" y2=\"21.353\" gradientunits=\"userSpaceOnUse\"><stop offset=\"0.001\" stop-color=\"#006938\"><\/stop><stop offset=\"0.215\" stop-color=\"#066d33\"><\/stop><stop offset=\"0.515\" stop-color=\"#197624\"><\/stop><stop offset=\"0.863\" stop-color=\"#36870b\"><\/stop><stop offset=\"1\" stop-color=\"#448e00\"><\/stop><\/lineargradient><\/defs><circle cx=\"200.043\" cy=\"199.923\" r=\"180.972\" transform=\"translate(-85.457 197.446) rotate(-45)\" fill=\"url(#linear-gradient)\"><\/circle><path d=\"M200.045,2.562C91.214,2.562,2.681,91.1,2.681,199.92S91.214,397.284,200.045,397.284s197.36-88.53,197.36-197.364S298.5,2.562,200.045,2.562ZM107.9,57.072a132.736,132.736,0,0,0,15.929,3.064c9.271,1.393,8.352.921,8.352.921s2.785-.474,16.708-2.785,6.041-1.866,10.662-4.65c4.649-2.786,5.123-1.393,12.53-2.312,7.434-.919,3.733,0,10.217,2.312,6.489,2.337,2.313,0,7.435,0,5.1,0,5.1.473,10.331,3.173,5.205,2.673,7.294,4.734,7.294,7.518s-2.309,2.311-9.27,5.1-5.126-.475-7.436-4.651,0,0-.919-5.1c-.946-5.094-2.784-1.866-6.041-1.866s-3.26,1.392-7.436,4.177-6.962,4.178-13.92,6.961,0,0-4.623-.919c-4.65-.919-5.567.474-9.3,2.813-3.7,2.338-5.568,1.364-11.582,4.622-6.042,3.228-1.391,2.786-1.865,6.488s.917,3.256,4.177,6.041,2.311,1.392,6.96,7.405c4.65,6.044,4.65,1.867,9.272,1.394,4.65-.446,2.784-1.394,8.354-6.488s.945-6.961.945-10.664c0-3.732,3.7-5.567,8.8-7.909,5.123-2.308,6.041,0,7.906,4.652,1.839,4.649,2.786,6.96,4.177,6.96s5.568-3.7,5.568-3.7,5.571,2.312,4.958,8.353c-.615,6.015,5.706,7.405,8.017,10.192,2.34,2.782-.918,5.123-8.017,6.515s-14.257-.949-20.745,0c-6.487.919-9.745,9.744-14.839,12.974-5.124,3.258-11.138,12.527-18.1,18.571s-18.1,14.841-24.14,15.315-16.707.917-22.278,1.392S88.1,160.817,83.924,165s-1.866,11.138-1.393,14.31c.446,3.175,7.406-.389,13.921,0,6.489.39,8.8-8.269,10.192-5.485s-.918,7.434-.918,10.665c0,3.258,2.785,1.865,8.353,5.122,5.567,3.23.473,6.013.473,10.861s6.96,2.587,14.618,2.587c7.685,0,3.006-6.488,9.5-7.435,6.514-.917,11.136,4.178,13.476,6.962,2.311,2.785,4.62-1.391,9.743-2.646,5.1-1.279,5.1.808,7.881,5.431,2.785,4.651,11.136,5.124,16.705,6.516s5.571,13.92,9.608,19.018,15.925,3.255,19.156,3.255c3.257,0,8.827,2.786,10.218,4.624,1.392,1.864,6.042,2.338,6.489,5.123.472,2.783-4.623,10.19-8.8,13.92-4.177,3.7-.474,24.113-3.258,26.453-2.784,2.311-13.922,0-17.178,1.836-3.231,1.866-.921,8.826-2.646,14.869-1.753,6.014-3.841,12.055-12.195,19.489-8.354,7.407-11.137,6.963-13,9.748-1.838,2.783-.447,6.96,2.339,10.662s2.309,12.529,2.309,16.705,2.311,3.26,2.311,5.1c0,1.865-4.177,2.781-12.056,0s-12.057-10.192-14.84-16.234-4.177-23.667-7.909-31.547c-3.7-7.907,0-27.843,0-34.359,0-6.488-2.783-12.056-8.8-15.312-6.044-3.231-7.909-8.355-15.789-16.707s-5.569-12.531-5.569-18.544c0-6.042,8.355-11.136,9.746-14.394s-1.391-5.568-6.041-5.568c-4.624,0-8.8-2.313-14.841-9.55-6.042-7.213-13-9.467-21.357-12.253s-15.314-1.865-19.491-4.648S61.65,172.9,58.39,171.037s-5.095,1.864-9.27-2.784c-3.641-4.053-6.229-16.551-9.6-24.3A170.8,170.8,0,0,1,107.9,57.072ZM333.3,305.446a18.356,18.356,0,0,1-1.346-2.487c-1.391-4.177-4.537-6.961-4.537-11.137s0-6.292-1.394-9.079-1.391-5.567-4.511-7.627c-3.118-2.116-2.089-4.177-1.724-8.02.333-3.841,3.812-5.568,6.235-10.44,2.45-4.873-1.725-5.93-4.511-9.05a46.865,46.865,0,0,1-6.625-9.049c-2.425-4.177.36-6.264-.671-9.05a55.9,55.9,0,0,0-4.9-10.8c-2.421-3.814-2.058-2.784-9.02-4.842-6.961-2.119-14.284.667-21.607.667-7.3,0-9.382,1.391-14.951-1.727s-7.325-5.568-12.169-12.865c-4.9-7.321-3.146-16.037-3.509-20.631-.332-4.595,0-9.661,5.933-15.565,5.931-5.929,9.049-3.146,16.316-10.106,7.239-6.96.028-6.6,2.477-11s8.687-.5,12.531-2.563c3.841-2.117,4.871-2.117,14.617-3.148s7.324,2.089,22.274,4.874,4.873-1.726,11.5-8.689c6.6-6.961,1.03-8.017-1.754-12.194s-17.067-4.177-23.3-4.511c-6.292-.362-13.587,8.354-19.491,14.591-5.93,6.293-9.075,3.146-15.676,2.448s-1.03-3.117,0-9.743,4.177-5.57,9.384-7.3c5.233-1.753,6.292-3.509,5.931-7.685s-.363-5.9,1.755-10.413c2.059-4.539,4.51-1.058,10.08-1.754s17.4-3.146,19.489-7.323-10.805-2.783-12.195-4.177-3.453-8.686,3.508-11.806c.407-.186.689-.489,1.075-.7a169.358,169.358,0,0,1,20.791,232.9Z\" transform=\"translate(-2.681 -2.562)\" fill=\"url(#linear-gradient-2)\"><\/path><\/svg>\t\t\t\t\t\t<\/span>\n\t\t\t\t\t\t\t\t\t\t<span class=\"elementor-icon-list-text\"><\/span>\n\t\t\t\t\t\t\t\t\t<\/li>\n\t\t\t\t\t\t\t\t<li class=\"elementor-icon-list-item elementor-inline-item\">\n\t\t\t\t\t\t\t\t\t\t\t<span class=\"elementor-icon-list-icon\">\n\t\t\t\t\t\t\t<svg xmlns=\"http:\/\/www.w3.org\/2000\/svg\" viewbox=\"0 0 312.829 393.5\"><path d=\"M122.538,45.485c.611-14.811-15.917,22.519-4.821,59.1,6.926,22.829,25.509,50.817,61.564,83.207,65.733,59.053,74.556,146.492,74.813,186.948a22.273,22.273,0,0,0,22.358,22.01h0A22.309,22.309,0,0,0,298.8,373.108c-2.468-39.743-17.348-121.985-93.6-187.11C122.932,115.746,120.315,99.388,122.538,45.485Z\" transform=\"translate(-43.586 -3.25)\" fill=\"#008d36\"><\/path><path d=\"M221.914,174.387S207.457,56.334,350.227,25.2c0,0,47.384,161.154-120.1,157.635,0,0,15.952-59.817,88.669-124.794C318.793,58.038,266.953,81.662,221.914,174.387Z\" transform=\"translate(-43.586 -3.25)\" fill=\"#008d36\"><\/path><path d=\"M208.011,137.218S242.938,55.309,146.716,3.25c0,0-67.565,106.07,53.636,138.336,0,0,.954-46.339-37.851-108.184C162.5,33.4,194.882,61.165,208.011,137.218Z\" transform=\"translate(-43.586 -3.25)\" fill=\"#008d36\"><\/path><path d=\"M221.5,292.111S202.23,164.224,43.588,173.231c0,0-2.655,182.637,171.777,130.12,0,0-34.15-58.013-129.273-104.882C86.092,198.469,147.287,208.1,221.5,292.111Z\" transform=\"translate(-43.586 -3.25)\" fill=\"#008d36\"><\/path><\/svg>\t\t\t\t\t\t<\/span>\n\t\t\t\t\t\t\t\t\t\t<span class=\"elementor-icon-list-text\"><\/span>\n\t\t\t\t\t\t\t\t\t<\/li>\n\t\t\t\t\t\t\t\t<li class=\"elementor-icon-list-item elementor-inline-item\">\n\t\t\t\t\t\t\t\t\t\t\t<span class=\"elementor-icon-list-icon\">\n\t\t\t\t\t\t\t<svg xmlns=\"http:\/\/www.w3.org\/2000\/svg\" viewbox=\"0 0 393.009 321.643\"><path d=\"M353.894,50.714C269.606,6.844,200,102.243,200,102.243S130.4,6.844,46.106,50.714C-45.682,98.487,13.168,278.187,200,360.822,386.832,278.187,445.682,98.487,353.894,50.714Z\" transform=\"translate(-3.495 -39.178)\" fill=\"#008d36\"><\/path><\/svg>\t\t\t\t\t\t<\/span>\n\t\t\t\t\t\t\t\t\t\t<span class=\"elementor-icon-list-text\"><\/span>\n\t\t\t\t\t\t\t\t\t<\/li>\n\t\t\t\t\t\t\t\t<li class=\"elementor-icon-list-item elementor-inline-item\">\n\t\t\t\t\t\t\t\t\t\t\t<span class=\"elementor-icon-list-icon\">\n\t\t\t\t\t\t\t<svg xmlns=\"http:\/\/www.w3.org\/2000\/svg\" viewbox=\"0 0 390.306 380.731\"><path d=\"M383.578,242.166,319.939,131.951l9.078-5.169a9.717,9.717,0,0,0-.684-17.244L285.682,89.551a9.718,9.718,0,0,0-13.8,7.854L267.3,144.284a9.718,9.718,0,0,0,14.48,9.391l8.879-5.056L354.4,259.009a51.737,51.737,0,0,1-44.8,77.6,16.842,16.842,0,1,0,0,33.684,85.425,85.425,0,0,0,73.979-128.131Z\" transform=\"translate(-4.847 -9.635)\" fill=\"#008d36\"><\/path><path d=\"M262.381,345.516l-38.47-27.178a9.719,9.719,0,0,0-15.325,7.938v10.337H90.4a51.737,51.737,0,0,1-44.8-77.6,16.845,16.845,0,0,0-29.177-16.843A85.425,85.425,0,0,0,90.4,370.3H208.586V380.63a9.717,9.717,0,0,0,15.325,7.937l38.47-27.177A9.718,9.718,0,0,0,262.381,345.516Z\" transform=\"translate(-4.847 -9.635)\" fill=\"#008d36\"><\/path><path d=\"M58.394,218.549l42.73-19.816a9.717,9.717,0,0,0,.754-17.241l-8.648-4.969L155.2,69.186a51.719,51.719,0,0,1,89.594,0,16.845,16.845,0,0,0,29.178-16.843,85.42,85.42,0,0,0-147.949,0l-62,107.4-9.272-5.327a9.718,9.718,0,0,0-14.517,9.333l4.4,46.9A9.717,9.717,0,0,0,58.394,218.549Z\" transform=\"translate(-4.847 -9.635)\" fill=\"#008d36\"><\/path><\/svg>\t\t\t\t\t\t<\/span>\n\t\t\t\t\t\t\t\t\t\t<span class=\"elementor-icon-list-text\"><\/span>\n\t\t\t\t\t\t\t\t\t<\/li>\n\t\t\t\t\t\t\t\t<li class=\"elementor-icon-list-item elementor-inline-item\">\n\t\t\t\t\t\t\t\t\t\t\t<span class=\"elementor-icon-list-icon\">\n\t\t\t\t\t\t\t<svg xmlns=\"http:\/\/www.w3.org\/2000\/svg\" viewbox=\"0 0 390.029 225.205\"><rect x=\"35.906\" y=\"89.131\" width=\"41.937\" height=\"126.685\" rx=\"1.046\" transform=\"translate(88.055 -92.088) rotate(33.294)\" fill=\"#008d36\"><\/rect><rect x=\"322.378\" y=\"86.704\" width=\"41.937\" height=\"126.685\" rx=\"1.046\" transform=\"translate(708.075 3.184) rotate(147.03)\" fill=\"#64ad1e\"><\/rect><path d=\"M275.833,246.565c-1.276,1.7-7.574,10.723-16.6,11.148,0,0,2.213,6.213-3.489,13.532-4.341,4.425-8.4,10.243-19.289,8.626a18.666,18.666,0,0,1-5.617,10.978c-1.6,1.43-9.812,9.111-20.455,7.2a10.445,10.445,0,0,1-4.34,7.063q-1.152.5-2.241.935a39.866,39.866,0,0,1-31.715-.6C131.2,286.582,67.3,225.32,53.2,211.587a4.79,4.79,0,0,1-.681-6.043l53.957-82.466a2.444,2.444,0,0,1,3.829-.255c4.766,5.276,17.106,17.787,27.4,18.723,13.106,1.191,45.446-2.638,45.446-2.638s92,86.21,94.38,92.593a27.19,27.19,0,0,1,1.107,4.34A17.549,17.549,0,0,1,275.833,246.565Z\" transform=\"translate(-4.979 -85.894)\" fill=\"#008d36\"><\/path><path d=\"M295.083,122.636l53.05,82.456a3.236,3.236,0,0,1-1.635,4.784c-11.45,4.1-47.339,16.591-68.994,21.645l-80.672-55.043s-27.363,34.537-59,14.293a4.45,4.45,0,0,1-.839-6.885c10.966-10.978,43.459-43.336,52.851-50.8,10.267-8.161,44.566,5.332,59.451,8a12.885,12.885,0,0,0,7.252-.811c11.469-4.816,27.339-14.627,33.787-18.723A3.433,3.433,0,0,1,295.083,122.636Z\" transform=\"translate(-4.979 -85.894)\" fill=\"#64ad1e\"><\/path><path d=\"M158.747,297.368s-2.3,7.456,3.679,11.679c4.472,3.161,10.479,2.7,14.905-1.621,3.578-3.5,16.094-20.074,16.846-25.814s-5.748-9.763-14.142-5.11S161.6,291.807,158.747,297.368Z\" transform=\"translate(-4.979 -85.894)\" fill=\"#64ad1e\"><\/path><path d=\"M134.331,283.333s-3.842,11.968,4.156,18.532c5.925,4.861,13.742,3.539,16.625.5,4.872-5.131,31.905-37.114,32.97-45.232s-8.129-13.807-20-7.227S138.369,275.469,134.331,283.333Z\" transform=\"translate(-4.979 -85.894)\" fill=\"#64ad1e\"><\/path><path d=\"M112.468,267.872s-3.844,11.969,4.154,18.532c5.926,4.862,13.743,3.539,16.626.5,4.873-5.131,34.684-39.767,35.749-47.884s-8.13-13.807-20-7.227S116.506,260.008,112.468,267.872Z\" transform=\"translate(-4.979 -85.894)\" fill=\"#64ad1e\"><\/path><path d=\"M95.575,244.594s-3.842,11.969,4.156,18.532c5.925,4.861,13.743,3.539,16.625.5,4.872-5.131,28.262-33.2,29.325-41.317s-8.128-13.808-20-7.228S99.614,236.73,95.575,244.594Z\" transform=\"translate(-4.979 -85.894)\" fill=\"#64ad1e\"><\/path><\/svg>\t\t\t\t\t\t<\/span>\n\t\t\t\t\t\t\t\t\t\t<span class=\"elementor-icon-list-text\"><\/span>\n\t\t\t\t\t\t\t\t\t<\/li>\n\t\t\t\t\t\t<\/ul>\n\t\t\t\t<\/div>\n\t\t\t\t<\/div>\n\t\t\t\t<\/div>\n\t\t\t\t\t<\/div>\n\t\t\t\t<\/div>\n\t\t<div class=\"elementor-element elementor-element-55746ef e-flex e-con-boxed e-con e-parent\" data-id=\"55746ef\" data-element_type=\"container\" data-settings=\"{&quot;container_type&quot;:&quot;flex&quot;,&quot;content_width&quot;:&quot;boxed&quot;}\" data-core-v316-plus=\"true\">\n\t\t\t\t\t<div class=\"e-con-inner\">\n\t\t<div class=\"elementor-element elementor-element-01e9c9f e-con-full e-flex e-con e-child\" data-id=\"01e9c9f\" data-element_type=\"container\" data-settings=\"{&quot;content_width&quot;:&quot;full&quot;,&quot;container_type&quot;:&quot;flex&quot;}\">\n\t\t\t\t<div class=\"elementor-element elementor-element-69992b0 elementor-widget elementor-widget-heading\" data-id=\"69992b0\" data-element_type=\"widget\" data-widget_type=\"heading.default\">\n\t\t\t\t<div class=\"elementor-widget-container\">\n\t\t\t<div class=\"elementor-heading-title elementor-size-default\">Precicast Br Politik der sozialen Verantwortung<\/div>\t\t<\/div>\n\t\t\t\t<\/div>\n\t\t\t\t<div class=\"elementor-element elementor-element-a2f0e05 elementor-widget elementor-widget-text-editor\" data-id=\"a2f0e05\" data-element_type=\"widget\" data-widget_type=\"text-editor.default\">\n\t\t\t\t<div class=\"elementor-widget-container\">\n\t\t\t\t\t\t\t<p class=\"translation-block\">PRECICAST BR nimmt seine Verpflichtung gegen\u00fcber der Gesellschaft und der Umwelt wahr. Aus diesem Grund respektiert das Unternehmen alle sozialen Prozesse und Akteure, die die Entwicklung einer nachhaltigen Zukunft f\u00f6rdern.<\/p><p>Das Unternehmen beachtet die Grunds\u00e4tze, die auf den Empfehlungen der Erkl\u00e4rung der Rechte des Kindes, der Menschenrechte, der IAO-Konventionen (Internationale Arbeitsorganisation), der UN-Konventionen (Organisation der Vereinten Nationen) und der in Brasilien geltenden Gesetzgebung beruhen, und h\u00e4lt sich an deren Arbeits\u00fcbereinkommen und -vereinbarungen:<\/p><p>- Kein Einsatz von Kinderarbeit, au\u00dfer als Lehrling (ILO-Konvention Nr. 138);<\/p><p>- Kein Einsatz von Zwangsarbeit jeglicher Art (IAO-\u00dcbereinkommen Nr. 29);<\/p><p>- Kontinuierliche Schaffung eines sicheren und gesunden Umfelds f\u00fcr die Mitarbeiter;<\/p><p>- Keine negative Diskriminierung oder Bel\u00e4stigung jeglicher Art (IAO-\u00dcbereinkommen Nr. 111);<\/p><p>- Keine Anwendung von Disziplinarma\u00dfnahmen, die k\u00f6rperliche oder geistige Bestrafung oder verbalen Missbrauch beinhalten;<\/p><p>- Einhaltung von Arbeitszeiten, die mit den gesetzlichen Bestimmungen vereinbar sind (IAO-\u00dcbereinkommen Nr. 14);<\/p><p>- Angemessene und ausreichende Entlohnung zur Deckung der Grundbed\u00fcrfnisse der Besch\u00e4ftigten (IAO-\u00dcbereinkommen Nr. 131);<\/p><p>- Recht auf Kollektivverhandlungen (IAO-\u00dcbereinkommen Nr. 98);<\/p><p>- Vereinigungsfreiheit (IAO-\u00dcbereinkommen Nr. 87);<\/p>\t\t\t\t\t\t<\/div>\n\t\t\t\t<\/div>\n\t\t\t\t<\/div>\n\t\t<div class=\"elementor-element elementor-element-76d36b0 e-con-full e-flex e-con e-child\" data-id=\"76d36b0\" data-element_type=\"container\" data-settings=\"{&quot;content_width&quot;:&quot;full&quot;,&quot;container_type&quot;:&quot;flex&quot;}\">\n\t\t\t\t<div class=\"elementor-element elementor-element-f5d9754 elementor-widget elementor-widget-image\" data-id=\"f5d9754\" data-element_type=\"widget\" data-widget_type=\"image.default\">\n\t\t\t\t<div class=\"elementor-widget-container\">\n\t\t\t\t\t\t\t\t\t\t\t\t\t\t\t<img loading=\"lazy\" decoding=\"async\" width=\"600\" height=\"900\" src=\"https:\/\/www.precicast.com.br\/wp-content\/uploads\/2024\/01\/sustentabilidade.jpg\" class=\"attachment-full size-full wp-image-1997\" alt=\"\" srcset=\"https:\/\/www.precicast.com.br\/wp-content\/uploads\/2024\/01\/sustentabilidade.jpg 600w, https:\/\/www.precicast.com.br\/wp-content\/uploads\/2024\/01\/sustentabilidade-200x300.jpg 200w, https:\/\/www.precicast.com.br\/wp-content\/uploads\/2024\/01\/sustentabilidade-8x12.jpg 8w\" sizes=\"auto, (max-width: 600px) 100vw, 600px\" \/>\t\t\t\t\t\t\t\t\t\t\t\t\t\t\t<\/div>\n\t\t\t\t<\/div>\n\t\t\t\t<\/div>\n\t\t\t\t\t<\/div>\n\t\t\t\t<\/div>\n\t\t<div class=\"elementor-element elementor-element-49d9f7c e-flex e-con-boxed e-con e-parent\" data-id=\"49d9f7c\" data-element_type=\"container\" data-settings=\"{&quot;container_type&quot;:&quot;flex&quot;,&quot;content_width&quot;:&quot;boxed&quot;}\" data-core-v316-plus=\"true\">\n\t\t\t\t\t<div class=\"e-con-inner\">\n\t\t\t\t\t<\/div>\n\t\t\t\t<\/div>\n\t\t\t\t\t\t\t<\/div>","protected":false},"excerpt":{"rendered":"<p>Cuidando hoje para preservar o futuro A Precicast entende que suas a\u00e7\u00f5es importam no meio em que est\u00e1 inserida, e que nosso\u00a0papel como organiza\u00e7\u00e3o vai muito al\u00e9m do impulsionamento da economia da regi\u00e3o e da gera\u00e7\u00e3o\u00a0de empregos. Nosso planeta\u00a0precisa de cuidados e, atualmente, apenas cessar nossas externalidades n\u00e3o \u00e9 mais suficiente. Precisamos regenerar, repor, ser [&hellip;]<\/p>","protected":false},"author":1,"featured_media":0,"parent":0,"menu_order":0,"comment_status":"closed","ping_status":"closed","template":"","meta":{"footnotes":""},"class_list":["post-160","page","type-page","status-publish","hentry"],"_links":{"self":[{"href":"https:\/\/www.precicast.com.br\/de\/wp-json\/wp\/v2\/pages\/160","targetHints":{"allow":["GET"]}}],"collection":[{"href":"https:\/\/www.precicast.com.br\/de\/wp-json\/wp\/v2\/pages"}],"about":[{"href":"https:\/\/www.precicast.com.br\/de\/wp-json\/wp\/v2\/types\/page"}],"author":[{"embeddable":true,"href":"https:\/\/www.precicast.com.br\/de\/wp-json\/wp\/v2\/users\/1"}],"replies":[{"embeddable":true,"href":"https:\/\/www.precicast.com.br\/de\/wp-json\/wp\/v2\/comments?post=160"}],"version-history":[{"count":80,"href":"https:\/\/www.precicast.com.br\/de\/wp-json\/wp\/v2\/pages\/160\/revisions"}],"predecessor-version":[{"id":2096,"href":"https:\/\/www.precicast.com.br\/de\/wp-json\/wp\/v2\/pages\/160\/revisions\/2096"}],"wp:attachment":[{"href":"https:\/\/www.precicast.com.br\/de\/wp-json\/wp\/v2\/media?parent=160"}],"curies":[{"name":"wp","href":"https:\/\/api.w.org\/{rel}","templated":true}]}}