{"id":162,"date":"2023-09-12T11:04:07","date_gmt":"2023-09-12T14:04:07","guid":{"rendered":"http:\/\/localhost\/precicast2\/?page_id=162"},"modified":"2025-12-22T09:55:37","modified_gmt":"2025-12-22T12:55:37","slug":"servicos","status":"publish","type":"page","link":"https:\/\/www.precicast.com.br\/de\/servicos\/","title":{"rendered":"Dienstleistungen"},"content":{"rendered":"<div data-elementor-type=\"wp-page\" data-elementor-id=\"162\" class=\"elementor elementor-162\" data-elementor-post-type=\"page\">\n\t\t\t\t\t\t\t<div class=\"elementor-element elementor-element-334a322 e-flex e-con-boxed e-con e-parent\" data-id=\"334a322\" data-element_type=\"container\" data-settings=\"{&quot;container_type&quot;:&quot;flex&quot;,&quot;content_width&quot;:&quot;boxed&quot;}\" data-core-v316-plus=\"true\">\n\t\t\t\t\t<div class=\"e-con-inner\">\n\t\t\t\t<div class=\"elementor-element elementor-element-be4425f elementor-widget elementor-widget-heading\" data-id=\"be4425f\" data-element_type=\"widget\" data-widget_type=\"heading.default\">\n\t\t\t\t<div class=\"elementor-widget-container\">\n\t\t\t<style>\/*! elementor - v3.16.0 - 17-10-2023 *\/\n.elementor-heading-title{padding:0;margin:0;line-height:1}.elementor-widget-heading .elementor-heading-title[class*=elementor-size-]>a{color:inherit;font-size:inherit;line-height:inherit}.elementor-widget-heading .elementor-heading-title.elementor-size-small{font-size:15px}.elementor-widget-heading .elementor-heading-title.elementor-size-medium{font-size:19px}.elementor-widget-heading .elementor-heading-title.elementor-size-large{font-size:29px}.elementor-widget-heading .elementor-heading-title.elementor-size-xl{font-size:39px}.elementor-widget-heading .elementor-heading-title.elementor-size-xxl{font-size:59px}<\/style><h4 class=\"elementor-heading-title elementor-size-default\">Zus\u00e4tzliche Dienstleistungen f\u00fcr Ihr Projekt<\/h4>\t\t<\/div>\n\t\t\t\t<\/div>\n\t\t\t\t<div class=\"elementor-element elementor-element-49b2adf elementor-widget elementor-widget-text-editor\" data-id=\"49b2adf\" data-element_type=\"widget\" data-widget_type=\"text-editor.default\">\n\t\t\t\t<div class=\"elementor-widget-container\">\n\t\t\t<style>\/*! elementor - v3.16.0 - 17-10-2023 *\/\n.elementor-widget-text-editor.elementor-drop-cap-view-stacked .elementor-drop-cap{background-color:#69727d;color:#fff}.elementor-widget-text-editor.elementor-drop-cap-view-framed .elementor-drop-cap{color:#69727d;border:3px solid;background-color:transparent}.elementor-widget-text-editor:not(.elementor-drop-cap-view-default) .elementor-drop-cap{margin-top:8px}.elementor-widget-text-editor:not(.elementor-drop-cap-view-default) .elementor-drop-cap-letter{width:1em;height:1em}.elementor-widget-text-editor .elementor-drop-cap{float:left;text-align:center;line-height:1;font-size:50px}.elementor-widget-text-editor .elementor-drop-cap-letter{display:inline-block}<\/style>\t\t\t\t<p>Die Betreuung Ihres Projekts ist unser Ziel. Zu diesem Zweck bietet Precicast Br die folgenden zus\u00e4tzlichen Dienstleistungen an:<\/p>\t\t\t\t\t\t<\/div>\n\t\t\t\t<\/div>\n\t\t\t\t\t<\/div>\n\t\t\t\t<\/div>\n\t\t<div class=\"elementor-element elementor-element-51a6c44 e-grid e-con-boxed e-con e-parent\" data-id=\"51a6c44\" data-element_type=\"container\" data-settings=\"{&quot;container_type&quot;:&quot;grid&quot;,&quot;grid_columns_grid&quot;:{&quot;unit&quot;:&quot;fr&quot;,&quot;size&quot;:3,&quot;sizes&quot;:[]},&quot;grid_rows_grid&quot;:{&quot;unit&quot;:&quot;fr&quot;,&quot;size&quot;:&quot;1&quot;,&quot;sizes&quot;:[]},&quot;grid_rows_grid_mobile&quot;:{&quot;unit&quot;:&quot;fr&quot;,&quot;size&quot;:&quot;1&quot;,&quot;sizes&quot;:[]},&quot;grid_columns_grid_tablet&quot;:{&quot;unit&quot;:&quot;fr&quot;,&quot;size&quot;:2,&quot;sizes&quot;:[]},&quot;content_width&quot;:&quot;boxed&quot;,&quot;grid_outline&quot;:&quot;yes&quot;,&quot;grid_columns_grid_mobile&quot;:{&quot;unit&quot;:&quot;fr&quot;,&quot;size&quot;:1,&quot;sizes&quot;:[]},&quot;grid_rows_grid_tablet&quot;:{&quot;unit&quot;:&quot;fr&quot;,&quot;size&quot;:&quot;&quot;,&quot;sizes&quot;:[]},&quot;grid_auto_flow&quot;:&quot;row&quot;,&quot;grid_auto_flow_tablet&quot;:&quot;row&quot;,&quot;grid_auto_flow_mobile&quot;:&quot;row&quot;}\" data-core-v316-plus=\"true\">\n\t\t\t\t\t<div class=\"e-con-inner\">\n\t\t\t\t<div class=\"elementor-element elementor-element-f5a1ce9 pg-servicos animated-fast elementor-position-top elementor-invisible elementor-widget elementor-widget-image-box\" data-id=\"f5a1ce9\" data-element_type=\"widget\" data-settings=\"{&quot;_animation&quot;:&quot;fadeIn&quot;}\" data-widget_type=\"image-box.default\">\n\t\t\t\t<div class=\"elementor-widget-container\">\n\t\t\t<style>\/*! elementor - v3.16.0 - 17-10-2023 *\/\n.elementor-widget-image-box .elementor-image-box-content{width:100%}@media (min-width:768px){.elementor-widget-image-box.elementor-position-left .elementor-image-box-wrapper,.elementor-widget-image-box.elementor-position-right .elementor-image-box-wrapper{display:flex}.elementor-widget-image-box.elementor-position-right .elementor-image-box-wrapper{text-align:right;flex-direction:row-reverse}.elementor-widget-image-box.elementor-position-left .elementor-image-box-wrapper{text-align:left;flex-direction:row}.elementor-widget-image-box.elementor-position-top .elementor-image-box-img{margin:auto}.elementor-widget-image-box.elementor-vertical-align-top .elementor-image-box-wrapper{align-items:flex-start}.elementor-widget-image-box.elementor-vertical-align-middle .elementor-image-box-wrapper{align-items:center}.elementor-widget-image-box.elementor-vertical-align-bottom .elementor-image-box-wrapper{align-items:flex-end}}@media (max-width:767px){.elementor-widget-image-box .elementor-image-box-img{margin-left:auto!important;margin-right:auto!important;margin-bottom:15px}}.elementor-widget-image-box .elementor-image-box-img{display:inline-block}.elementor-widget-image-box .elementor-image-box-title a{color:inherit}.elementor-widget-image-box .elementor-image-box-wrapper{text-align:center}.elementor-widget-image-box .elementor-image-box-description{margin:0}<\/style><div class=\"elementor-image-box-wrapper\"><figure class=\"elementor-image-box-img\"><img loading=\"lazy\" decoding=\"async\" width=\"1200\" height=\"800\" src=\"https:\/\/www.precicast.com.br\/wp-content\/uploads\/2025\/12\/Desenvolvimento.png\" class=\"attachment-full size-full wp-image-2518\" alt=\"\" srcset=\"https:\/\/www.precicast.com.br\/wp-content\/uploads\/2025\/12\/Desenvolvimento.png 1200w, https:\/\/www.precicast.com.br\/wp-content\/uploads\/2025\/12\/Desenvolvimento-300x200.png 300w, https:\/\/www.precicast.com.br\/wp-content\/uploads\/2025\/12\/Desenvolvimento-1024x683.png 1024w, https:\/\/www.precicast.com.br\/wp-content\/uploads\/2025\/12\/Desenvolvimento-768x512.png 768w, https:\/\/www.precicast.com.br\/wp-content\/uploads\/2025\/12\/Desenvolvimento-18x12.png 18w\" sizes=\"auto, (max-width: 1200px) 100vw, 1200px\" \/><\/figure><\/div>\t\t<\/div>\n\t\t\t\t<\/div>\n\t\t\t\t<div class=\"elementor-element elementor-element-cd6e135 pg-servicos animated-fast elementor-position-top elementor-invisible elementor-widget elementor-widget-image-box\" data-id=\"cd6e135\" data-element_type=\"widget\" data-settings=\"{&quot;_animation&quot;:&quot;fadeIn&quot;}\" data-widget_type=\"image-box.default\">\n\t\t\t\t<div class=\"elementor-widget-container\">\n\t\t\t<div class=\"elementor-image-box-wrapper\"><figure class=\"elementor-image-box-img\"><img loading=\"lazy\" decoding=\"async\" width=\"1200\" height=\"800\" src=\"https:\/\/www.precicast.com.br\/wp-content\/uploads\/2025\/12\/Ensaios-2-1.png\" class=\"attachment-full size-full wp-image-2533\" alt=\"\" srcset=\"https:\/\/www.precicast.com.br\/wp-content\/uploads\/2025\/12\/Ensaios-2-1.png 1200w, https:\/\/www.precicast.com.br\/wp-content\/uploads\/2025\/12\/Ensaios-2-1-300x200.png 300w, https:\/\/www.precicast.com.br\/wp-content\/uploads\/2025\/12\/Ensaios-2-1-1024x683.png 1024w, https:\/\/www.precicast.com.br\/wp-content\/uploads\/2025\/12\/Ensaios-2-1-768x512.png 768w, https:\/\/www.precicast.com.br\/wp-content\/uploads\/2025\/12\/Ensaios-2-1-18x12.png 18w\" sizes=\"auto, (max-width: 1200px) 100vw, 1200px\" \/><\/figure><\/div>\t\t<\/div>\n\t\t\t\t<\/div>\n\t\t\t\t<div class=\"elementor-element elementor-element-ed62685 pg-servicos animated-fast elementor-position-top elementor-invisible elementor-widget elementor-widget-image-box\" data-id=\"ed62685\" data-element_type=\"widget\" data-settings=\"{&quot;_animation&quot;:&quot;fadeIn&quot;}\" data-widget_type=\"image-box.default\">\n\t\t\t\t<div class=\"elementor-widget-container\">\n\t\t\t<div class=\"elementor-image-box-wrapper\"><figure class=\"elementor-image-box-img\"><img loading=\"lazy\" decoding=\"async\" width=\"1200\" height=\"800\" src=\"https:\/\/www.precicast.com.br\/wp-content\/uploads\/2025\/12\/Fornecimento.png\" class=\"attachment-full size-full wp-image-2520\" alt=\"\" srcset=\"https:\/\/www.precicast.com.br\/wp-content\/uploads\/2025\/12\/Fornecimento.png 1200w, https:\/\/www.precicast.com.br\/wp-content\/uploads\/2025\/12\/Fornecimento-300x200.png 300w, https:\/\/www.precicast.com.br\/wp-content\/uploads\/2025\/12\/Fornecimento-1024x683.png 1024w, https:\/\/www.precicast.com.br\/wp-content\/uploads\/2025\/12\/Fornecimento-768x512.png 768w, https:\/\/www.precicast.com.br\/wp-content\/uploads\/2025\/12\/Fornecimento-18x12.png 18w\" sizes=\"auto, (max-width: 1200px) 100vw, 1200px\" \/><\/figure><\/div>\t\t<\/div>\n\t\t\t\t<\/div>\n\t\t\t\t<div class=\"elementor-element elementor-element-da6072d pg-servicos animated-fast elementor-position-top elementor-invisible elementor-widget elementor-widget-image-box\" data-id=\"da6072d\" data-element_type=\"widget\" data-settings=\"{&quot;_animation&quot;:&quot;fadeIn&quot;}\" data-widget_type=\"image-box.default\">\n\t\t\t\t<div class=\"elementor-widget-container\">\n\t\t\t<div class=\"elementor-image-box-wrapper\"><figure class=\"elementor-image-box-img\"><img loading=\"lazy\" decoding=\"async\" width=\"1200\" height=\"800\" src=\"https:\/\/www.precicast.com.br\/wp-content\/uploads\/2025\/12\/Prototipagem-1.png\" class=\"attachment-full size-full wp-image-2535\" alt=\"\" srcset=\"https:\/\/www.precicast.com.br\/wp-content\/uploads\/2025\/12\/Prototipagem-1.png 1200w, https:\/\/www.precicast.com.br\/wp-content\/uploads\/2025\/12\/Prototipagem-1-300x200.png 300w, https:\/\/www.precicast.com.br\/wp-content\/uploads\/2025\/12\/Prototipagem-1-1024x683.png 1024w, https:\/\/www.precicast.com.br\/wp-content\/uploads\/2025\/12\/Prototipagem-1-768x512.png 768w, https:\/\/www.precicast.com.br\/wp-content\/uploads\/2025\/12\/Prototipagem-1-18x12.png 18w\" sizes=\"auto, (max-width: 1200px) 100vw, 1200px\" \/><\/figure><\/div>\t\t<\/div>\n\t\t\t\t<\/div>\n\t\t\t\t<div class=\"elementor-element elementor-element-bdfc88d pg-servicos animated-fast elementor-position-top elementor-invisible elementor-widget elementor-widget-image-box\" data-id=\"bdfc88d\" data-element_type=\"widget\" data-settings=\"{&quot;_animation&quot;:&quot;fadeIn&quot;}\" data-widget_type=\"image-box.default\">\n\t\t\t\t<div class=\"elementor-widget-container\">\n\t\t\t<div class=\"elementor-image-box-wrapper\"><figure class=\"elementor-image-box-img\"><img loading=\"lazy\" decoding=\"async\" width=\"1200\" height=\"800\" src=\"https:\/\/www.precicast.com.br\/wp-content\/uploads\/2025\/12\/Tratamento-termico-2.png\" class=\"attachment-full size-full wp-image-2536\" alt=\"\" srcset=\"https:\/\/www.precicast.com.br\/wp-content\/uploads\/2025\/12\/Tratamento-termico-2.png 1200w, https:\/\/www.precicast.com.br\/wp-content\/uploads\/2025\/12\/Tratamento-termico-2-300x200.png 300w, https:\/\/www.precicast.com.br\/wp-content\/uploads\/2025\/12\/Tratamento-termico-2-1024x683.png 1024w, https:\/\/www.precicast.com.br\/wp-content\/uploads\/2025\/12\/Tratamento-termico-2-768x512.png 768w, https:\/\/www.precicast.com.br\/wp-content\/uploads\/2025\/12\/Tratamento-termico-2-18x12.png 18w\" sizes=\"auto, (max-width: 1200px) 100vw, 1200px\" \/><\/figure><\/div>\t\t<\/div>\n\t\t\t\t<\/div>\n\t\t\t\t<div class=\"elementor-element elementor-element-b5a18cb pg-servicos animated-fast elementor-position-top elementor-invisible elementor-widget elementor-widget-image-box\" data-id=\"b5a18cb\" data-element_type=\"widget\" data-settings=\"{&quot;_animation&quot;:&quot;fadeIn&quot;}\" data-widget_type=\"image-box.default\">\n\t\t\t\t<div class=\"elementor-widget-container\">\n\t\t\t<div class=\"elementor-image-box-wrapper\"><figure class=\"elementor-image-box-img\"><img loading=\"lazy\" decoding=\"async\" width=\"1200\" height=\"800\" src=\"https:\/\/www.precicast.com.br\/wp-content\/uploads\/2025\/12\/Usinagem-1.png\" class=\"attachment-full size-full wp-image-2523\" alt=\"\" srcset=\"https:\/\/www.precicast.com.br\/wp-content\/uploads\/2025\/12\/Usinagem-1.png 1200w, https:\/\/www.precicast.com.br\/wp-content\/uploads\/2025\/12\/Usinagem-1-300x200.png 300w, https:\/\/www.precicast.com.br\/wp-content\/uploads\/2025\/12\/Usinagem-1-1024x683.png 1024w, https:\/\/www.precicast.com.br\/wp-content\/uploads\/2025\/12\/Usinagem-1-768x512.png 768w, https:\/\/www.precicast.com.br\/wp-content\/uploads\/2025\/12\/Usinagem-1-18x12.png 18w\" sizes=\"auto, (max-width: 1200px) 100vw, 1200px\" \/><\/figure><\/div>\t\t<\/div>\n\t\t\t\t<\/div>\n\t\t\t\t\t<\/div>\n\t\t\t\t<\/div>\n\t\t\t\t\t\t\t<\/div>","protected":false},"excerpt":{"rendered":"<p>Servi\u00e7os adicionais para seu projeto Cuidar do seu projeto \u00e9 o nosso objetivo. Para isso, a Precicast Br oferece os seguintes servi\u00e7os adicionais:<\/p>","protected":false},"author":1,"featured_media":0,"parent":0,"menu_order":0,"comment_status":"closed","ping_status":"closed","template":"","meta":{"footnotes":""},"class_list":["post-162","page","type-page","status-publish","hentry"],"_links":{"self":[{"href":"https:\/\/www.precicast.com.br\/de\/wp-json\/wp\/v2\/pages\/162","targetHints":{"allow":["GET"]}}],"collection":[{"href":"https:\/\/www.precicast.com.br\/de\/wp-json\/wp\/v2\/pages"}],"about":[{"href":"https:\/\/www.precicast.com.br\/de\/wp-json\/wp\/v2\/types\/page"}],"author":[{"embeddable":true,"href":"https:\/\/www.precicast.com.br\/de\/wp-json\/wp\/v2\/users\/1"}],"replies":[{"embeddable":true,"href":"https:\/\/www.precicast.com.br\/de\/wp-json\/wp\/v2\/comments?post=162"}],"version-history":[{"count":139,"href":"https:\/\/www.precicast.com.br\/de\/wp-json\/wp\/v2\/pages\/162\/revisions"}],"predecessor-version":[{"id":2539,"href":"https:\/\/www.precicast.com.br\/de\/wp-json\/wp\/v2\/pages\/162\/revisions\/2539"}],"wp:attachment":[{"href":"https:\/\/www.precicast.com.br\/de\/wp-json\/wp\/v2\/media?parent=162"}],"curies":[{"name":"wp","href":"https:\/\/api.w.org\/{rel}","templated":true}]}}