{"id":3,"date":"2023-09-12T08:54:56","date_gmt":"2023-09-12T11:54:56","guid":{"rendered":"http:\/\/localhost\/precicast2\/?page_id=3"},"modified":"2023-10-20T10:19:48","modified_gmt":"2023-10-20T13:19:48","slug":"politica-de-privacidade","status":"publish","type":"page","link":"https:\/\/www.precicast.com.br\/de\/politica-de-privacidade\/","title":{"rendered":"Pol\u00edtica de privacidade"},"content":{"rendered":"<div data-elementor-type=\"wp-page\" data-elementor-id=\"3\" class=\"elementor elementor-3\" data-elementor-post-type=\"page\">\n\t\t\t\t\t\t\t<div class=\"elementor-element elementor-element-7000a7d e-flex e-con-boxed e-con e-parent\" data-id=\"7000a7d\" data-element_type=\"container\" data-settings=\"{&quot;container_type&quot;:&quot;flex&quot;,&quot;content_width&quot;:&quot;boxed&quot;}\" data-core-v316-plus=\"true\">\n\t\t\t\t\t<div class=\"e-con-inner\">\n\t\t\t\t<div class=\"elementor-element elementor-element-b24fd76 elementor-widget elementor-widget-text-editor\" data-id=\"b24fd76\" data-element_type=\"widget\" data-widget_type=\"text-editor.default\">\n\t\t\t\t<div class=\"elementor-widget-container\">\n\t\t\t<style>\/*! elementor - v3.16.0 - 17-10-2023 *\/\n.elementor-widget-text-editor.elementor-drop-cap-view-stacked .elementor-drop-cap{background-color:#69727d;color:#fff}.elementor-widget-text-editor.elementor-drop-cap-view-framed .elementor-drop-cap{color:#69727d;border:3px solid;background-color:transparent}.elementor-widget-text-editor:not(.elementor-drop-cap-view-default) .elementor-drop-cap{margin-top:8px}.elementor-widget-text-editor:not(.elementor-drop-cap-view-default) .elementor-drop-cap-letter{width:1em;height:1em}.elementor-widget-text-editor .elementor-drop-cap{float:left;text-align:center;line-height:1;font-size:50px}.elementor-widget-text-editor .elementor-drop-cap-letter{display:inline-block}<\/style>\t\t\t\t<p>A PRECICAST, apresenta os\u00a0Termos de Uso e Pol\u00edticas de Privacidade\u00a0que se aplicam aqueles que acessarem nosso website (www.precicast.com.br). O acesso ao\u00a0website\u00a0 automaticamente vinculam o usu\u00e1rio, \u00e0 observar as regras de condi\u00e7\u00f5es de uso e pol\u00edticas de seguran\u00e7a da informa\u00e7\u00e3o e privacidade, conforme apresentado neste documento de Termos De Uso e Pol\u00edticas de Privacidade.<br \/>1.\u00a0Conte\u00fado do Website da PRECICAST:<\/p><p>Todo o conte\u00fado do Website da \u00a0PRECICAST\u00a0t\u00eam cunho simplesmente informativo, com o intuito de viabilizar o acesso \u00e0s informa\u00e7\u00f5es e materiais produzidos pela PRECICAST.<\/p><p>2.\u00a0Posse intelectual<br \/>Nossos conte\u00fados no website s\u00e3o de posse de\u00a0PRECICAST, estando sobre a prote\u00e7\u00e3o da legisla\u00e7\u00e3o de direitos autorais e propriedade intelectual.<br \/>O internauta, ao acessar estes conte\u00fados, compromete-se a respeitar os direitos de titularidade da\u00a0PRECICAST, sendo expressamente proibida qualquer maneira de reprodu\u00e7\u00e3o ou circula\u00e7\u00e3o dos conte\u00fados disponibilizados sem a indica\u00e7\u00e3o da fonte e ao autor do conte\u00fado.<\/p><p>3.\u00a0Comprometimento<\/p><p>O Conte\u00fado dispon\u00edvel, para qualquer fim que seja, \u00e9 de comprometimento exclusivo do internauta, n\u00e3o sendo a\u00a0PRECICAST respons\u00e1vel, perante o usu\u00e1rio e terceiros, por eventuais perdas e danos vindos de equ\u00edvocos, fraudes, erros, omiss\u00f5es ou inexatid\u00f5es inclu\u00eddos nos conte\u00fados do website.<\/p><p>A\u00a0PRECICAST n\u00e3o se responsabiliza pelas opini\u00f5es apresentadas nos conte\u00fados disponibilizados, bem como pelos materiais em\u00a0links\u00a0 que tenha refer\u00eancias aos mesmos.<br \/>A\u00a0PRECICAST se reserva ao direito de criar limita\u00e7\u00f5es de uso e armazenamento, em qualquer momento e sem aviso pr\u00e9vio, para atender as obriga\u00e7\u00f5es contidas nos termos da legisla\u00e7\u00e3o vigente. A \u00a0PRECICAST tamb\u00e9m n\u00e3o se responsabiliza pela exclus\u00e3o, falha de armazenamento ou falha de transmiss\u00e3o de qualquer informa\u00e7\u00e3o contida no seu website.<\/p><p>4.\u00a0Capta\u00e7\u00e3o de Dados<\/p><p>A \u00a0PRECICAST capta dados pessoais o m\u00ednimo poss\u00edvel dos internautas que acessam seu website, onde poder\u00e3o serem captados os seguintes dados:<br \/>&#8211;\u00a0 Nome completo, e-mail, empresa que trabalha, CPF, RG , endere\u00e7o(s) profissional e de resid\u00eancia, telefone(s) e data de nascimento);<br \/>&#8211; \u00a0Informa\u00e7\u00e3o de endere\u00e7o IP e outras informa\u00e7\u00f5es de tecnologia de informa\u00e7\u00e3o que s\u00e3o armazenados em conformidade com o Marco Civil da Internet \u2013 Lei n\u00b0 12.965\/2014);<\/p><p>&#8211; \u00a0Cookies\u00a0ser\u00e3o coletados, atrav\u00e9s de\u00a0cookies, informa\u00e7\u00f5es essenciais para o acesso de forma mais \u00e1gil aos nossos dom\u00ednios para medir m\u00e9tricas de acesso. Tais informa\u00e7\u00f5es e dados n\u00e3o ser\u00e3o compartilhados com terceiros. O internauta poder\u00e1 ajustar suas configura\u00e7\u00f5es de navega\u00e7\u00e3o no navegador para desabilitar os cookies e\/ou delet\u00e1-los);<\/p><p>5. Objetivo do uso dos dados captados e enviadas pelos internautas:<\/p><p>A\u00a0PRECICAST n\u00e3o vender\u00e1 ou repassar\u00e1 as informa\u00e7\u00f5es pessoais captadas dos internautas. Com base previstas no art. 7\u00ba da Lei Geral de Prote\u00e7\u00e3o de Dados (Lei n\u00ba 13.907\/2018), a PRECICAST poder\u00e1 captar, usar, transferir, armazenar ou processar dados pessoais dos internautas, seja mediante o consentimento em rela\u00e7\u00e3o \u00e0s hip\u00f3teses descritas no presente documento de Termos de Uso e Pol\u00edticas de Privacidade, para a adequada execu\u00e7\u00e3o das obriga\u00e7\u00f5es legais e para atender aos interesses leg\u00edtimos da PRECICAST ou de terceiros, sempre com respeito aos direitos e liberdades fundamentais dos titulares.<br \/>Os dados pessoais captados ser\u00e3o ou poder\u00e3o ser usados, transferidas, armazenadas ou processadas para as seguintes finalidades:\u00a0(a)\u00a0Fazer contato e relacionamento, trabalho de divulga\u00e7\u00e3o e tr\u00e1fego no Google e redes sociais;\u00a0(b)\u00a0enviar e-mails e correspond\u00eancias , Digital ou impresso, Guias e E-books e o que servir de ve\u00edculo de comunica\u00e7\u00e3o com o internauta;\u00a0(c)\u00a0Enviar convites para eventos em geral;\u00a0(d)\u00a0enviar mensagens de atendimento e suporte;\u00a0(e)\u00a0manter site atualizado;\u00a0(f)\u00a0elaborar relat\u00f3rios , processuais e estrat\u00e9gicos no interesse da\u00a0PRECICAST e de seus clientes.<br \/>Para o tratamento de capta\u00e7\u00e3o de informa\u00e7\u00f5es e dados pessoais, para qualquer outra finalidade distinta das hip\u00f3teses mencionadas acima, ser\u00e3o devidamente comunicadas ao internauta.<br \/>Os curr\u00edculos enviados ser\u00e3o recebidos e tratados pelo departamento especializado para inser\u00e7\u00e3o no banco de dados da \u00a0PRECICAST e, em seguida, encaminhados para a an\u00e1lise dos respons\u00e1veis pelo processo de sele\u00e7\u00e3o.<br \/>Os dados enviados pelos internautas para o endere\u00e7o de e-mail no websites\u00a0n\u00e3o constituem rela\u00e7\u00e3o cliente-empresa, n\u00e3o havendo para a\u00a0PRECICAST qualquer obriga\u00e7\u00e3o decorrente de rela\u00e7\u00f5es.<br \/>Ocorrer\u00e1 o fim do tratamento dos dados pessoais, com a consequente exclus\u00e3o de tais informa\u00e7\u00f5es, salva as hip\u00f3teses de manuten\u00e7\u00e3o autorizadas pela legisla\u00e7\u00e3o em vigor, nos seguintes casos: a) alcance da finalidade do tratamento; b) t\u00e9rmino do per\u00edodo de tratamento; c) solicita\u00e7\u00e3o pelo titular; e\/ou d) por determina\u00e7\u00e3o da autoridade nacional constitu\u00edda.<br \/>6.\u00a0Seguran\u00e7a dos Dados e Pol\u00edticas de Privacidade<\/p><p>A pol\u00edtica de privacidade da \u00a0PRECICAST visa a garantir que qualquer dados dos internautas n\u00e3o ser\u00e3o fornecidos, publicados ou comercializados em quaisquer momento, sem consentimento do internauta e\/ou para finalidades expostas no documento presente.<br \/>A \u00a0PRECICAST cobrar\u00e1 que todos os prestadores de servi\u00e7os que tratarem informa\u00e7\u00f5es pessoais tamb\u00e9m o fa\u00e7am em conformidade com a Lei Geral de Prote\u00e7\u00e3o de Dados Pessoais e normas vigentes.<br \/>As informa\u00e7\u00f5es pessoais passadas a\u00a0PRECICAST s\u00e3o armazenados em um banco de dados seguro, reservado e com acesso restrito a colaboradores capacitados, que s\u00e3o obrigados a manter a confidencialidade das informa\u00e7\u00f5es e n\u00e3o as utilizar de uma forma inadequada.<br \/>A\u00a0PRECICAST observar\u00e1 todos os direitos aos titulares dos dados, os quais poder\u00e3o ser exercidos, a qualquer momento, mediante envio de requisi\u00e7\u00e3o espec\u00edfica ao endere\u00e7o\u00a0informatica@precicast.com.br. Caso o internauta tenha d\u00favidas ou reclama\u00e7\u00f5es sobre as pr\u00e1ticas de uso e tratamento de dados pela \u00a0PRECICAST, dever\u00e1 manifest\u00e1-las pelo envio de e-mail ao mesmo endere\u00e7o indicado acima.<\/p><p>7.\u00a0Conte\u00fado e links de terceiros<\/p><p>Conte\u00fados e link de terceiros apontados ou refer\u00eancias que n\u00e3o est\u00e3o sob o controle da\u00a0PRECICAST n\u00e3o torna responsabilidade pelo conte\u00fado de qualquer outro\u00a0website\u00a0indicado ou acessado por meio do dom\u00ednio www.precicast.com.br. A\u00a0PRECICAST reserva-se no direito de eliminar qualquer link ou direcionamento a outros sites ou servi\u00e7os em qualquer momento. A\u00a0PRECICAST n\u00e3o avaliza firmas ou produtos indicados, acessados ou divulgados atrav\u00e9s desses\u00a0websites, tampouco pelos an\u00fancios l\u00e1 publicados, reservando-se se no direito de publicar este alerta em suas p\u00e1ginas eletr\u00f4nicas sempre que achar necess\u00e1rio.<\/p><p>8. Mudan\u00e7as e manuten\u00e7\u00f5es dos Termos de Uso e Pol\u00edticas de Privacidade:<\/p><p>A PRECICAST manter\u00e1 a vers\u00e3o atualizada deste documento de Termos de Uso e Pol\u00edticas de Privacidade, sendo que a mesma poder\u00e1 ser consultado a qualquer momento pelo internauta, com acesso ao dom\u00ednio www.precicast.com.br. Sendo assim, a\u00a0PRECICAST poder\u00e1 alterar, em qualquer tempo, estes Termos de Uso e Pol\u00edtica de Privacidade, visando seu aprimoramento e melhoramento.<\/p><p>9. Referente a Legisla\u00e7\u00e3o aplic\u00e1vel e Foro<\/p><p>Os itens destes Termos de Uso e Pol\u00edtica de Privacidade, e a rela\u00e7\u00e3o jur\u00eddica entre o internauta e a \u00a0PRECICAST, s\u00e3o regidos pelas leis vigentes na Rep\u00fablica Federativa do Brasil. Sendo assim, para todos os assuntos referentes \u00e0 interpreta\u00e7\u00e3o, ao cumprimento ou qualquer outro questionamento relacionado a este Termos de Uso e Pol\u00edtica de Privacidade, ser\u00e3o submetidos ao Foro da Comarca da sede da PRECICAST , com a ren\u00fancia expressa a qualquer outro.<\/p>\t\t\t\t\t\t<\/div>\n\t\t\t\t<\/div>\n\t\t\t\t\t<\/div>\n\t\t\t\t<\/div>\n\t\t\t\t\t\t\t<\/div>","protected":false},"excerpt":{"rendered":"<p>A PRECICAST, apresenta os\u00a0Termos de Uso e Pol\u00edticas de Privacidade\u00a0que se aplicam aqueles que acessarem nosso website (www.precicast.com.br). O acesso ao\u00a0website\u00a0 automaticamente vinculam o usu\u00e1rio, \u00e0 observar as regras de condi\u00e7\u00f5es de uso e pol\u00edticas de seguran\u00e7a da informa\u00e7\u00e3o e privacidade, conforme apresentado neste documento de Termos De Uso e Pol\u00edticas de Privacidade.1.\u00a0Conte\u00fado do Website [&hellip;]<\/p>","protected":false},"author":1,"featured_media":0,"parent":0,"menu_order":0,"comment_status":"closed","ping_status":"closed","template":"","meta":{"footnotes":""},"class_list":["post-3","page","type-page","status-publish","hentry"],"_links":{"self":[{"href":"https:\/\/www.precicast.com.br\/de\/wp-json\/wp\/v2\/pages\/3","targetHints":{"allow":["GET"]}}],"collection":[{"href":"https:\/\/www.precicast.com.br\/de\/wp-json\/wp\/v2\/pages"}],"about":[{"href":"https:\/\/www.precicast.com.br\/de\/wp-json\/wp\/v2\/types\/page"}],"author":[{"embeddable":true,"href":"https:\/\/www.precicast.com.br\/de\/wp-json\/wp\/v2\/users\/1"}],"replies":[{"embeddable":true,"href":"https:\/\/www.precicast.com.br\/de\/wp-json\/wp\/v2\/comments?post=3"}],"version-history":[{"count":5,"href":"https:\/\/www.precicast.com.br\/de\/wp-json\/wp\/v2\/pages\/3\/revisions"}],"predecessor-version":[{"id":1487,"href":"https:\/\/www.precicast.com.br\/de\/wp-json\/wp\/v2\/pages\/3\/revisions\/1487"}],"wp:attachment":[{"href":"https:\/\/www.precicast.com.br\/de\/wp-json\/wp\/v2\/media?parent=3"}],"curies":[{"name":"wp","href":"https:\/\/api.w.org\/{rel}","templated":true}]}}