{"id":152,"date":"2023-09-12T11:03:17","date_gmt":"2023-09-12T14:03:17","guid":{"rendered":"http:\/\/localhost\/precicast2\/?page_id=152"},"modified":"2023-10-24T11:17:02","modified_gmt":"2023-10-24T14:17:02","slug":"dados-tecnicos","status":"publish","type":"page","link":"https:\/\/www.precicast.com.br\/en\/servicos\/dados-tecnicos\/","title":{"rendered":"Technical data"},"content":{"rendered":"<div data-elementor-type=\"wp-page\" data-elementor-id=\"152\" class=\"elementor elementor-152\" data-elementor-post-type=\"page\">\n\t\t\t\t\t\t\t<div class=\"elementor-element elementor-element-6e75f87 e-flex e-con-boxed e-con e-parent\" data-id=\"6e75f87\" data-element_type=\"container\" data-settings=\"{&quot;container_type&quot;:&quot;flex&quot;,&quot;content_width&quot;:&quot;boxed&quot;}\" data-core-v316-plus=\"true\">\n\t\t\t\t\t<div class=\"e-con-inner\">\n\t\t<div class=\"elementor-element elementor-element-4938cd3 e-con-full e-flex e-con e-child\" data-id=\"4938cd3\" data-element_type=\"container\" data-settings=\"{&quot;content_width&quot;:&quot;full&quot;,&quot;container_type&quot;:&quot;flex&quot;}\">\n\t\t\t\t<div class=\"elementor-element elementor-element-7ee24d8 elementor-widget elementor-widget-heading\" data-id=\"7ee24d8\" data-element_type=\"widget\" data-widget_type=\"heading.default\">\n\t\t\t\t<div class=\"elementor-widget-container\">\n\t\t\t<style>\/*! elementor - v3.16.0 - 17-10-2023 *\/\n.elementor-heading-title{padding:0;margin:0;line-height:1}.elementor-widget-heading .elementor-heading-title[class*=elementor-size-]>a{color:inherit;font-size:inherit;line-height:inherit}.elementor-widget-heading .elementor-heading-title.elementor-size-small{font-size:15px}.elementor-widget-heading .elementor-heading-title.elementor-size-medium{font-size:19px}.elementor-widget-heading .elementor-heading-title.elementor-size-large{font-size:29px}.elementor-widget-heading .elementor-heading-title.elementor-size-xl{font-size:39px}.elementor-widget-heading .elementor-heading-title.elementor-size-xxl{font-size:59px}<\/style><h4 class=\"elementor-heading-title elementor-size-default\">Tables of alloys most commonly used in precision casting<\/h4>\t\t<\/div>\n\t\t\t\t<\/div>\n\t\t\t\t<div class=\"elementor-element elementor-element-cca2a3d elementor-widget elementor-widget-image\" data-id=\"cca2a3d\" data-element_type=\"widget\" data-widget_type=\"image.default\">\n\t\t\t\t<div class=\"elementor-widget-container\">\n\t\t\t<style>\/*! elementor - v3.16.0 - 17-10-2023 *\/\n.elementor-widget-image{text-align:center}.elementor-widget-image a{display:inline-block}.elementor-widget-image a img[src$=\".svg\"]{width:48px}.elementor-widget-image img{vertical-align:middle;display:inline-block}<\/style>\t\t\t\t\t\t\t\t\t\t\t\t<img loading=\"lazy\" decoding=\"async\" width=\"297\" height=\"388\" src=\"https:\/\/www.precicast.com.br\/wp-content\/uploads\/2023\/10\/dados_bg.jpg\" class=\"attachment-full size-full wp-image-978\" alt=\"\" srcset=\"https:\/\/www.precicast.com.br\/wp-content\/uploads\/2023\/10\/dados_bg.jpg 297w, https:\/\/www.precicast.com.br\/wp-content\/uploads\/2023\/10\/dados_bg-230x300.jpg 230w\" sizes=\"auto, (max-width: 297px) 100vw, 297px\" \/>\t\t\t\t\t\t\t\t\t\t\t\t\t\t\t<\/div>\n\t\t\t\t<\/div>\n\t\t\t\t<\/div>\n\t\t<div class=\"elementor-element elementor-element-b29fdd4 e-con-full e-flex e-con e-child\" data-id=\"b29fdd4\" data-element_type=\"container\" data-settings=\"{&quot;content_width&quot;:&quot;full&quot;,&quot;container_type&quot;:&quot;flex&quot;}\">\n\t\t\t\t<div class=\"elementor-element elementor-element-68316b3 elementor-widget elementor-widget-text-editor\" data-id=\"68316b3\" data-element_type=\"widget\" data-widget_type=\"text-editor.default\">\n\t\t\t\t<div class=\"elementor-widget-container\">\n\t\t\t<style>\/*! elementor - v3.16.0 - 17-10-2023 *\/\n.elementor-widget-text-editor.elementor-drop-cap-view-stacked .elementor-drop-cap{background-color:#69727d;color:#fff}.elementor-widget-text-editor.elementor-drop-cap-view-framed .elementor-drop-cap{color:#69727d;border:3px solid;background-color:transparent}.elementor-widget-text-editor:not(.elementor-drop-cap-view-default) .elementor-drop-cap{margin-top:8px}.elementor-widget-text-editor:not(.elementor-drop-cap-view-default) .elementor-drop-cap-letter{width:1em;height:1em}.elementor-widget-text-editor .elementor-drop-cap{float:left;text-align:center;line-height:1;font-size:50px}.elementor-widget-text-editor .elementor-drop-cap-letter{display:inline-block}<\/style>\t\t\t\t<p>Click on the table you want to see below:<\/p>\t\t\t\t\t\t<\/div>\n\t\t\t\t<\/div>\n\t\t\t\t<div class=\"elementor-element elementor-element-2c77788 elementor-widget elementor-widget-jet-listing-grid\" data-id=\"2c77788\" data-element_type=\"widget\" data-settings=\"{&quot;columns&quot;:&quot;1&quot;,&quot;columns_tablet&quot;:&quot;1&quot;}\" data-widget_type=\"jet-listing-grid.default\">\n\t\t\t\t<div class=\"elementor-widget-container\">\n\t\t\t<div class=\"jet-listing-grid jet-listing\"><div class=\"jet-listing-grid__items grid-col-desk-1 grid-col-tablet-1 grid-col-mobile-1 jet-listing-grid--984\"  data-nav=\"{&quot;enabled&quot;:true,&quot;type&quot;:&quot;scroll&quot;,&quot;more_el&quot;:null,&quot;query&quot;:{&quot;post_status&quot;:[&quot;publish&quot;],&quot;post_type&quot;:&quot;dados_tecnicos&quot;,&quot;posts_per_page&quot;:&quot;20&quot;,&quot;paged&quot;:&quot;1&quot;,&quot;ignore_sticky_posts&quot;:&quot;1&quot;},&quot;widget_settings&quot;:{&quot;lisitng_id&quot;:984,&quot;posts_num&quot;:20,&quot;columns&quot;:1,&quot;columns_tablet&quot;:1,&quot;columns_mobile&quot;:1,&quot;is_archive_template&quot;:&quot;&quot;,&quot;post_status&quot;:[&quot;publish&quot;],&quot;use_random_posts_num&quot;:&quot;&quot;,&quot;max_posts_num&quot;:9,&quot;not_found_message&quot;:&quot;No data was found&quot;,&quot;is_masonry&quot;:false,&quot;equal_columns_height&quot;:&quot;&quot;,&quot;use_load_more&quot;:&quot;yes&quot;,&quot;load_more_id&quot;:&quot;&quot;,&quot;load_more_type&quot;:&quot;scroll&quot;,&quot;load_more_offset&quot;:{&quot;unit&quot;:&quot;px&quot;,&quot;size&quot;:0,&quot;sizes&quot;:[]},&quot;use_custom_post_types&quot;:&quot;&quot;,&quot;custom_post_types&quot;:[],&quot;hide_widget_if&quot;:&quot;&quot;,&quot;carousel_enabled&quot;:&quot;&quot;,&quot;slides_to_scroll&quot;:&quot;1&quot;,&quot;arrows&quot;:&quot;true&quot;,&quot;arrow_icon&quot;:&quot;fa fa-angle-left&quot;,&quot;dots&quot;:&quot;&quot;,&quot;autoplay&quot;:&quot;true&quot;,&quot;autoplay_speed&quot;:5000,&quot;infinite&quot;:&quot;true&quot;,&quot;center_mode&quot;:&quot;&quot;,&quot;effect&quot;:&quot;slide&quot;,&quot;speed&quot;:500,&quot;inject_alternative_items&quot;:&quot;&quot;,&quot;injection_items&quot;:[],&quot;scroll_slider_enabled&quot;:&quot;&quot;,&quot;scroll_slider_on&quot;:[&quot;desktop&quot;,&quot;tablet&quot;,&quot;mobile&quot;],&quot;custom_query&quot;:false,&quot;custom_query_id&quot;:&quot;&quot;,&quot;_element_id&quot;:&quot;&quot;}}\" data-page=\"1\" data-pages=\"1\" data-listing-source=\"posts\" data-listing-id=\"984\" data-query-id=\"\"><style>.elementor-984 .elementor-element.elementor-element-de7d7e0{--display:flex;--min-height:150px;--flex-direction:row;--container-widget-width:initial;--container-widget-height:100%;--container-widget-flex-grow:1;--container-widget-align-self:stretch;--background-transition:0.3s;border-style:solid;--border-style:solid;border-width:1px 1px 1px 1px;--border-block-start-width:1px;--border-inline-end-width:1px;--border-block-end-width:1px;--border-inline-start-width:1px;border-color:#D1D1D1;--border-color:#D1D1D1;--border-radius:10px 10px 10px 10px;--padding-block-start:0px;--padding-block-end:0px;--padding-inline-start:0px;--padding-inline-end:0px;}.elementor-984 .elementor-element.elementor-element-de7d7e0:not(.elementor-motion-effects-element-type-background), .elementor-984 .elementor-element.elementor-element-de7d7e0 > .elementor-motion-effects-container > .elementor-motion-effects-layer{background-color:var( --e-global-color-20ae619 );}.elementor-984 .elementor-element.elementor-element-de7d7e0:hover{background-color:var( --e-global-color-primary );}.elementor-984 .elementor-element.elementor-element-de7d7e0, .elementor-984 .elementor-element.elementor-element-de7d7e0::before{--border-transition:0.3s;}.elementor-984 .elementor-element.elementor-element-6682578 .jet-listing-dynamic-image{justify-content:flex-start;}.elementor-984 .elementor-element.elementor-element-6682578 .jet-listing-dynamic-image img{height:120px;object-fit:contain;}.elementor-984 .elementor-element.elementor-element-6682578 > .elementor-widget-container{padding:15px 0px 0px 0px;}.elementor-984 .elementor-element.elementor-element-6682578{top:0px;z-index:0;}.elementor-984 .elementor-element.elementor-element-742ce79 .jet-listing-dynamic-field__content{font-size:20px;text-align:left;}.elementor-984 .elementor-element.elementor-element-742ce79 .jet-listing-dynamic-field .jet-listing-dynamic-field__inline-wrap{width:auto;}.elementor-984 .elementor-element.elementor-element-742ce79 .jet-listing-dynamic-field .jet-listing-dynamic-field__content{width:auto;}.elementor-984 .elementor-element.elementor-element-742ce79 .jet-listing-dynamic-field{justify-content:flex-start;}.elementor-984 .elementor-element.elementor-element-742ce79{width:100%;max-width:100%;}@media(max-width:767px){.elementor-984 .elementor-element.elementor-element-742ce79 .jet-listing-dynamic-field__content{font-size:16px;}}<\/style><div class=\"jet-listing-grid__item jet-listing-dynamic-post-997\" data-post-id=\"997\" >\t\t<div data-elementor-type=\"jet-listing-items\" data-elementor-id=\"984\" class=\"elementor elementor-984\" data-elementor-post-type=\"jet-engine\">\n\t\t\t\t\t\t\t<div class=\"elementor-element elementor-element-de7d7e0 e-flex e-con-boxed e-con e-parent\" data-id=\"de7d7e0\" data-element_type=\"container\" data-settings=\"{&quot;background_background&quot;:&quot;classic&quot;,&quot;container_type&quot;:&quot;flex&quot;,&quot;content_width&quot;:&quot;boxed&quot;}\" data-core-v316-plus=\"true\">\n\t\t\t\t\t<div class=\"e-con-inner\">\n\t\t\t\t<div class=\"elementor-element elementor-element-6682578 elementor-absolute elementor-widget elementor-widget-jet-listing-dynamic-image\" data-id=\"6682578\" data-element_type=\"widget\" data-settings=\"{&quot;_position&quot;:&quot;absolute&quot;}\" data-widget_type=\"jet-listing-dynamic-image.default\">\n\t\t\t\t<div class=\"elementor-widget-container\">\n\t\t\t<div class=\"jet-listing jet-listing-dynamic-image\"><img decoding=\"async\" width=\"106\" height=\"150\" src=\"https:\/\/www.precicast.com.br\/wp-content\/uploads\/2023\/10\/ligas-pdf-106x150.jpg\" class=\"jet-listing-dynamic-image__img attachment-thumbnail size-thumbnail\" alt=\"ligas\" loading=\"lazy\" \/><\/div>\t\t<\/div>\n\t\t\t\t<\/div>\n\t\t\t\t<div class=\"elementor-element elementor-element-742ce79 elementor-widget__width-inherit elementor-widget elementor-widget-jet-listing-dynamic-field\" data-id=\"742ce79\" data-element_type=\"widget\" data-widget_type=\"jet-listing-dynamic-field.default\">\n\t\t\t\t<div class=\"elementor-widget-container\">\n\t\t\t<div class=\"jet-listing jet-listing-dynamic-field display-inline\"><div class=\"jet-listing-dynamic-field__inline-wrap\"><div class=\"jet-listing-dynamic-field__content\"><a href=\"https:\/\/www.precicast.com.br\/wp-content\/uploads\/2023\/10\/ligas.pdf\" target=\"_blank\">Table of alloys most commonly used in precision casting<\/a><\/div><\/div><\/div>\t\t<\/div>\n\t\t\t\t<\/div>\n\t\t\t\t\t<\/div>\n\t\t\t\t<\/div>\n\t\t\t\t\t\t\t<\/div>\n\t\t<\/div><div class=\"jet-listing-grid__item jet-listing-dynamic-post-995\" data-post-id=\"995\" >\t\t<div data-elementor-type=\"jet-listing-items\" data-elementor-id=\"984\" class=\"elementor elementor-984\" data-elementor-post-type=\"jet-engine\">\n\t\t\t\t\t\t\t<div class=\"elementor-element elementor-element-de7d7e0 e-flex e-con-boxed e-con e-parent\" data-id=\"de7d7e0\" data-element_type=\"container\" data-settings=\"{&quot;background_background&quot;:&quot;classic&quot;,&quot;container_type&quot;:&quot;flex&quot;,&quot;content_width&quot;:&quot;boxed&quot;}\" data-core-v316-plus=\"true\">\n\t\t\t\t\t<div class=\"e-con-inner\">\n\t\t\t\t<div class=\"elementor-element elementor-element-6682578 elementor-absolute elementor-widget elementor-widget-jet-listing-dynamic-image\" data-id=\"6682578\" data-element_type=\"widget\" data-settings=\"{&quot;_position&quot;:&quot;absolute&quot;}\" data-widget_type=\"jet-listing-dynamic-image.default\">\n\t\t\t\t<div class=\"elementor-widget-container\">\n\t\t\t<div class=\"jet-listing jet-listing-dynamic-image\"><img decoding=\"async\" width=\"106\" height=\"150\" src=\"https:\/\/www.precicast.com.br\/wp-content\/uploads\/2023\/10\/tolerancias_lineares-pdf-106x150.jpg\" class=\"jet-listing-dynamic-image__img attachment-thumbnail size-thumbnail\" alt=\"tolerancias_lineares\" loading=\"lazy\" \/><\/div>\t\t<\/div>\n\t\t\t\t<\/div>\n\t\t\t\t<div class=\"elementor-element elementor-element-742ce79 elementor-widget__width-inherit elementor-widget elementor-widget-jet-listing-dynamic-field\" data-id=\"742ce79\" data-element_type=\"widget\" data-widget_type=\"jet-listing-dynamic-field.default\">\n\t\t\t\t<div class=\"elementor-widget-container\">\n\t\t\t<div class=\"jet-listing jet-listing-dynamic-field display-inline\"><div class=\"jet-listing-dynamic-field__inline-wrap\"><div class=\"jet-listing-dynamic-field__content\"><a href=\"https:\/\/www.precicast.com.br\/wp-content\/uploads\/2023\/10\/tolerancias_lineares.pdf\" target=\"_blank\">Linear tolerances according to VDG P690<\/a><\/div><\/div><\/div>\t\t<\/div>\n\t\t\t\t<\/div>\n\t\t\t\t\t<\/div>\n\t\t\t\t<\/div>\n\t\t\t\t\t\t\t<\/div>\n\t\t<\/div><div class=\"jet-listing-grid__item jet-listing-dynamic-post-993\" data-post-id=\"993\" >\t\t<div data-elementor-type=\"jet-listing-items\" data-elementor-id=\"984\" class=\"elementor elementor-984\" data-elementor-post-type=\"jet-engine\">\n\t\t\t\t\t\t\t<div class=\"elementor-element elementor-element-de7d7e0 e-flex e-con-boxed e-con e-parent\" data-id=\"de7d7e0\" data-element_type=\"container\" data-settings=\"{&quot;background_background&quot;:&quot;classic&quot;,&quot;container_type&quot;:&quot;flex&quot;,&quot;content_width&quot;:&quot;boxed&quot;}\" data-core-v316-plus=\"true\">\n\t\t\t\t\t<div class=\"e-con-inner\">\n\t\t\t\t<div class=\"elementor-element elementor-element-6682578 elementor-absolute elementor-widget elementor-widget-jet-listing-dynamic-image\" data-id=\"6682578\" data-element_type=\"widget\" data-settings=\"{&quot;_position&quot;:&quot;absolute&quot;}\" data-widget_type=\"jet-listing-dynamic-image.default\">\n\t\t\t\t<div class=\"elementor-widget-container\">\n\t\t\t<div class=\"jet-listing jet-listing-dynamic-image\"><img decoding=\"async\" width=\"106\" height=\"150\" src=\"https:\/\/www.precicast.com.br\/wp-content\/uploads\/2023\/10\/rugosidade-pdf-106x150.jpg\" class=\"jet-listing-dynamic-image__img attachment-thumbnail size-thumbnail\" alt=\"rugosidade\" loading=\"lazy\" \/><\/div>\t\t<\/div>\n\t\t\t\t<\/div>\n\t\t\t\t<div class=\"elementor-element elementor-element-742ce79 elementor-widget__width-inherit elementor-widget elementor-widget-jet-listing-dynamic-field\" data-id=\"742ce79\" data-element_type=\"widget\" data-widget_type=\"jet-listing-dynamic-field.default\">\n\t\t\t\t<div class=\"elementor-widget-container\">\n\t\t\t<div class=\"jet-listing jet-listing-dynamic-field display-inline\"><div class=\"jet-listing-dynamic-field__inline-wrap\"><div class=\"jet-listing-dynamic-field__content\"><a href=\"https:\/\/www.precicast.com.br\/wp-content\/uploads\/2023\/10\/rugosidade.pdf\" target=\"_blank\">Surface roughness according to ISO R 468, DIN 4769, and VSM 10321<\/a><\/div><\/div><\/div>\t\t<\/div>\n\t\t\t\t<\/div>\n\t\t\t\t\t<\/div>\n\t\t\t\t<\/div>\n\t\t\t\t\t\t\t<\/div>\n\t\t<\/div><div class=\"jet-listing-grid__item jet-listing-dynamic-post-991\" data-post-id=\"991\" >\t\t<div data-elementor-type=\"jet-listing-items\" data-elementor-id=\"984\" class=\"elementor elementor-984\" data-elementor-post-type=\"jet-engine\">\n\t\t\t\t\t\t\t<div class=\"elementor-element elementor-element-de7d7e0 e-flex e-con-boxed e-con e-parent\" data-id=\"de7d7e0\" data-element_type=\"container\" data-settings=\"{&quot;background_background&quot;:&quot;classic&quot;,&quot;container_type&quot;:&quot;flex&quot;,&quot;content_width&quot;:&quot;boxed&quot;}\" data-core-v316-plus=\"true\">\n\t\t\t\t\t<div class=\"e-con-inner\">\n\t\t\t\t<div class=\"elementor-element elementor-element-6682578 elementor-absolute elementor-widget elementor-widget-jet-listing-dynamic-image\" data-id=\"6682578\" data-element_type=\"widget\" data-settings=\"{&quot;_position&quot;:&quot;absolute&quot;}\" data-widget_type=\"jet-listing-dynamic-image.default\">\n\t\t\t\t<div class=\"elementor-widget-container\">\n\t\t\t<div class=\"jet-listing jet-listing-dynamic-image\"><img decoding=\"async\" width=\"106\" height=\"150\" src=\"https:\/\/www.precicast.com.br\/wp-content\/uploads\/2023\/10\/paralelismo-pdf-106x150.jpg\" class=\"jet-listing-dynamic-image__img attachment-thumbnail size-thumbnail\" alt=\"paralelismo\" loading=\"lazy\" \/><\/div>\t\t<\/div>\n\t\t\t\t<\/div>\n\t\t\t\t<div class=\"elementor-element elementor-element-742ce79 elementor-widget__width-inherit elementor-widget elementor-widget-jet-listing-dynamic-field\" data-id=\"742ce79\" data-element_type=\"widget\" data-widget_type=\"jet-listing-dynamic-field.default\">\n\t\t\t\t<div class=\"elementor-widget-container\">\n\t\t\t<div class=\"jet-listing jet-listing-dynamic-field display-inline\"><div class=\"jet-listing-dynamic-field__inline-wrap\"><div class=\"jet-listing-dynamic-field__content\"><a href=\"https:\/\/www.precicast.com.br\/wp-content\/uploads\/2023\/10\/paralelismo.pdf\" target=\"_blank\">Parallelism according to VDG P690<\/a><\/div><\/div><\/div>\t\t<\/div>\n\t\t\t\t<\/div>\n\t\t\t\t\t<\/div>\n\t\t\t\t<\/div>\n\t\t\t\t\t\t\t<\/div>\n\t\t<\/div><div class=\"jet-listing-grid__item jet-listing-dynamic-post-982\" data-post-id=\"982\" >\t\t<div data-elementor-type=\"jet-listing-items\" data-elementor-id=\"984\" class=\"elementor elementor-984\" data-elementor-post-type=\"jet-engine\">\n\t\t\t\t\t\t\t<div class=\"elementor-element elementor-element-de7d7e0 e-flex e-con-boxed e-con e-parent\" data-id=\"de7d7e0\" data-element_type=\"container\" data-settings=\"{&quot;background_background&quot;:&quot;classic&quot;,&quot;container_type&quot;:&quot;flex&quot;,&quot;content_width&quot;:&quot;boxed&quot;}\" data-core-v316-plus=\"true\">\n\t\t\t\t\t<div class=\"e-con-inner\">\n\t\t\t\t<div class=\"elementor-element elementor-element-6682578 elementor-absolute elementor-widget elementor-widget-jet-listing-dynamic-image\" data-id=\"6682578\" data-element_type=\"widget\" data-settings=\"{&quot;_position&quot;:&quot;absolute&quot;}\" data-widget_type=\"jet-listing-dynamic-image.default\">\n\t\t\t\t<div class=\"elementor-widget-container\">\n\t\t\t<div class=\"jet-listing jet-listing-dynamic-image\"><img decoding=\"async\" width=\"106\" height=\"150\" src=\"https:\/\/www.precicast.com.br\/wp-content\/uploads\/2023\/10\/furos_cegos-pdf-106x150.jpg\" class=\"jet-listing-dynamic-image__img attachment-thumbnail size-thumbnail\" alt=\"furos_cegos\" loading=\"lazy\" \/><\/div>\t\t<\/div>\n\t\t\t\t<\/div>\n\t\t\t\t<div class=\"elementor-element elementor-element-742ce79 elementor-widget__width-inherit elementor-widget elementor-widget-jet-listing-dynamic-field\" data-id=\"742ce79\" data-element_type=\"widget\" data-widget_type=\"jet-listing-dynamic-field.default\">\n\t\t\t\t<div class=\"elementor-widget-container\">\n\t\t\t<div class=\"jet-listing jet-listing-dynamic-field display-inline\"><div class=\"jet-listing-dynamic-field__inline-wrap\"><div class=\"jet-listing-dynamic-field__content\"><a href=\"https:\/\/www.precicast.com.br\/wp-content\/uploads\/2023\/10\/furos_cegos.pdf\" target=\"_blank\">Blind or through holes according to VDG P690<\/a><\/div><\/div><\/div>\t\t<\/div>\n\t\t\t\t<\/div>\n\t\t\t\t\t<\/div>\n\t\t\t\t<\/div>\n\t\t\t\t\t\t\t<\/div>\n\t\t<\/div><\/div><div class=\"jet-listing-grid__loader\"><div class=\"jet-listing-grid__loader-text\">Carregando...<\/div><\/div><\/div>\t\t<\/div>\n\t\t\t\t<\/div>\n\t\t\t\t<\/div>\n\t\t\t\t\t<\/div>\n\t\t\t\t<\/div>\n\t\t\t\t\t\t\t<\/div>","protected":false},"excerpt":{"rendered":"<p>Tabelas de ligas mais usadas em fundi\u00e7\u00e3o de precis\u00e3o Clique sobre a tabela que deseja visualizar abaixo: Tabela de Ligas mais usadas em fundi\u00e7\u00e3o de precis\u00e3o Toler\u00e2ncias Lineares de acordo com VDG P690 Rugosidade superficiais de acordo com ISO R 468, DIN 4769 e VSM 10321 Paralelismo de acordo com VDG P690 Furos cegos ou [&hellip;]<\/p>","protected":false},"author":1,"featured_media":0,"parent":162,"menu_order":0,"comment_status":"closed","ping_status":"closed","template":"","meta":{"footnotes":""},"class_list":["post-152","page","type-page","status-publish","hentry"],"_links":{"self":[{"href":"https:\/\/www.precicast.com.br\/en\/wp-json\/wp\/v2\/pages\/152","targetHints":{"allow":["GET"]}}],"collection":[{"href":"https:\/\/www.precicast.com.br\/en\/wp-json\/wp\/v2\/pages"}],"about":[{"href":"https:\/\/www.precicast.com.br\/en\/wp-json\/wp\/v2\/types\/page"}],"author":[{"embeddable":true,"href":"https:\/\/www.precicast.com.br\/en\/wp-json\/wp\/v2\/users\/1"}],"replies":[{"embeddable":true,"href":"https:\/\/www.precicast.com.br\/en\/wp-json\/wp\/v2\/comments?post=152"}],"version-history":[{"count":10,"href":"https:\/\/www.precicast.com.br\/en\/wp-json\/wp\/v2\/pages\/152\/revisions"}],"predecessor-version":[{"id":1667,"href":"https:\/\/www.precicast.com.br\/en\/wp-json\/wp\/v2\/pages\/152\/revisions\/1667"}],"up":[{"embeddable":true,"href":"https:\/\/www.precicast.com.br\/en\/wp-json\/wp\/v2\/pages\/162"}],"wp:attachment":[{"href":"https:\/\/www.precicast.com.br\/en\/wp-json\/wp\/v2\/media?parent=152"}],"curies":[{"name":"wp","href":"https:\/\/api.w.org\/{rel}","templated":true}]}}