{"id":158,"date":"2023-09-12T11:03:45","date_gmt":"2023-09-12T14:03:45","guid":{"rendered":"http:\/\/localhost\/precicast2\/?page_id=158"},"modified":"2024-02-22T08:54:12","modified_gmt":"2024-02-22T11:54:12","slug":"gestao-de-qualidade","status":"publish","type":"page","link":"https:\/\/www.precicast.com.br\/es\/sobre-nos\/gestao-de-qualidade\/","title":{"rendered":"Gesti\u00f3n de la calidad"},"content":{"rendered":"<div data-elementor-type=\"wp-page\" data-elementor-id=\"158\" class=\"elementor elementor-158\" data-elementor-post-type=\"page\">\n\t\t\t\t\t\t\t<div class=\"elementor-element elementor-element-ff8d299 e-flex e-con-boxed e-con e-parent\" data-id=\"ff8d299\" data-element_type=\"container\" data-settings=\"{&quot;container_type&quot;:&quot;flex&quot;,&quot;content_width&quot;:&quot;boxed&quot;}\" data-core-v316-plus=\"true\">\n\t\t\t\t\t<div class=\"e-con-inner\">\n\t\t<div class=\"elementor-element elementor-element-73f7df5 e-con-full e-flex e-con e-child\" data-id=\"73f7df5\" data-element_type=\"container\" data-settings=\"{&quot;content_width&quot;:&quot;full&quot;,&quot;background_background&quot;:&quot;classic&quot;,&quot;container_type&quot;:&quot;flex&quot;}\">\n\t\t\t\t<\/div>\n\t\t<div class=\"elementor-element elementor-element-0abb680 e-con-full e-flex e-con e-child\" data-id=\"0abb680\" data-element_type=\"container\" data-settings=\"{&quot;content_width&quot;:&quot;full&quot;,&quot;container_type&quot;:&quot;flex&quot;}\">\n\t\t\t\t<div class=\"elementor-element elementor-element-c21ce4b elementor-widget elementor-widget-heading\" data-id=\"c21ce4b\" data-element_type=\"widget\" data-widget_type=\"heading.default\">\n\t\t\t\t<div class=\"elementor-widget-container\">\n\t\t\t<style>\/*! elementor - v3.16.0 - 17-10-2023 *\/\n.elementor-heading-title{padding:0;margin:0;line-height:1}.elementor-widget-heading .elementor-heading-title[class*=elementor-size-]>a{color:inherit;font-size:inherit;line-height:inherit}.elementor-widget-heading .elementor-heading-title.elementor-size-small{font-size:15px}.elementor-widget-heading .elementor-heading-title.elementor-size-medium{font-size:19px}.elementor-widget-heading .elementor-heading-title.elementor-size-large{font-size:29px}.elementor-widget-heading .elementor-heading-title.elementor-size-xl{font-size:39px}.elementor-widget-heading .elementor-heading-title.elementor-size-xxl{font-size:59px}<\/style><h4 class=\"elementor-heading-title elementor-size-default\">Gesti\u00f3n de la calidad<\/h4>\t\t<\/div>\n\t\t\t\t<\/div>\n\t\t\t\t<div class=\"elementor-element elementor-element-3a48753 elementor-widget elementor-widget-text-editor\" data-id=\"3a48753\" data-element_type=\"widget\" data-widget_type=\"text-editor.default\">\n\t\t\t\t<div class=\"elementor-widget-container\">\n\t\t\t<style>\/*! elementor - v3.16.0 - 17-10-2023 *\/\n.elementor-widget-text-editor.elementor-drop-cap-view-stacked .elementor-drop-cap{background-color:#69727d;color:#fff}.elementor-widget-text-editor.elementor-drop-cap-view-framed .elementor-drop-cap{color:#69727d;border:3px solid;background-color:transparent}.elementor-widget-text-editor:not(.elementor-drop-cap-view-default) .elementor-drop-cap{margin-top:8px}.elementor-widget-text-editor:not(.elementor-drop-cap-view-default) .elementor-drop-cap-letter{width:1em;height:1em}.elementor-widget-text-editor .elementor-drop-cap{float:left;text-align:center;line-height:1;font-size:50px}.elementor-widget-text-editor .elementor-drop-cap-letter{display:inline-block}<\/style>\t\t\t\t<p>Precicast Br sigue los preceptos de las normas de certificaci\u00f3n ISO 9001 e IATF 16949 y dispone de laboratorios propios equipados para cumplir los requisitos qu\u00edmicos, f\u00edsicos, metal\u00fargicos y dimensionales seg\u00fan las especificaciones de su proyecto.<\/p>\t\t\t\t\t\t<\/div>\n\t\t\t\t<\/div>\n\t\t\t\t<\/div>\n\t\t\t\t\t<\/div>\n\t\t\t\t<\/div>\n\t\t<div class=\"elementor-element elementor-element-653874f e-flex e-con-boxed e-con e-parent\" data-id=\"653874f\" data-element_type=\"container\" data-settings=\"{&quot;background_background&quot;:&quot;classic&quot;,&quot;container_type&quot;:&quot;flex&quot;,&quot;content_width&quot;:&quot;boxed&quot;}\" data-core-v316-plus=\"true\">\n\t\t\t\t\t<div class=\"e-con-inner\">\n\t\t<div class=\"elementor-element elementor-element-c653887 e-con-full e-flex e-con e-child\" data-id=\"c653887\" data-element_type=\"container\" data-settings=\"{&quot;content_width&quot;:&quot;full&quot;,&quot;container_type&quot;:&quot;flex&quot;}\">\n\t\t\t\t<div class=\"elementor-element elementor-element-d860e10 elementor-widget elementor-widget-heading\" data-id=\"d860e10\" data-element_type=\"widget\" data-widget_type=\"heading.default\">\n\t\t\t\t<div class=\"elementor-widget-container\">\n\t\t\t<h4 class=\"elementor-heading-title elementor-size-default\">Tecnolog\u00eda<\/h4>\t\t<\/div>\n\t\t\t\t<\/div>\n\t\t\t\t<div class=\"elementor-element elementor-element-ab442b6 elementor-widget elementor-widget-text-editor\" data-id=\"ab442b6\" data-element_type=\"widget\" data-widget_type=\"text-editor.default\">\n\t\t\t\t<div class=\"elementor-widget-container\">\n\t\t\t\t\t\t\t<p>La base inicial de la tecnolog\u00eda de Precicast Br proviene de la experiencia adquirida a lo largo de muchos a\u00f1os en las mayores empresas de fundici\u00f3n de precisi\u00f3n del pa\u00eds.<\/p><p>Desde su fundaci\u00f3n, Precicast Br ha asumido nuevos retos tecnol\u00f3gicos, consiguiendo a\u00f1adir detalles a las piezas que hoy nos diferencian de los competidores tradicionales.<\/p>\t\t\t\t\t\t<\/div>\n\t\t\t\t<\/div>\n\t\t\t\t<\/div>\n\t\t<div class=\"elementor-element elementor-element-9ba8629 e-con-full e-flex e-con e-child\" data-id=\"9ba8629\" data-element_type=\"container\" data-settings=\"{&quot;content_width&quot;:&quot;full&quot;,&quot;background_background&quot;:&quot;classic&quot;,&quot;container_type&quot;:&quot;flex&quot;}\">\n\t\t\t\t<\/div>\n\t\t\t\t\t<\/div>\n\t\t\t\t<\/div>\n\t\t<div class=\"elementor-element elementor-element-c8c96af e-flex e-con-boxed e-con e-parent\" data-id=\"c8c96af\" data-element_type=\"container\" data-settings=\"{&quot;container_type&quot;:&quot;flex&quot;,&quot;content_width&quot;:&quot;boxed&quot;}\" data-core-v316-plus=\"true\">\n\t\t\t\t\t<div class=\"e-con-inner\">\n\t\t<div class=\"elementor-element elementor-element-a4435ab e-con-full e-flex e-con e-child\" data-id=\"a4435ab\" data-element_type=\"container\" data-settings=\"{&quot;content_width&quot;:&quot;full&quot;,&quot;background_background&quot;:&quot;classic&quot;,&quot;container_type&quot;:&quot;flex&quot;}\">\n\t\t\t\t<\/div>\n\t\t<div class=\"elementor-element elementor-element-52ab327 e-con-full e-flex e-con e-child\" data-id=\"52ab327\" data-element_type=\"container\" data-settings=\"{&quot;content_width&quot;:&quot;full&quot;,&quot;container_type&quot;:&quot;flex&quot;}\">\n\t\t\t\t<div class=\"elementor-element elementor-element-03830fe elementor-widget elementor-widget-heading\" data-id=\"03830fe\" data-element_type=\"widget\" data-widget_type=\"heading.default\">\n\t\t\t\t<div class=\"elementor-widget-container\">\n\t\t\t<h4 class=\"elementor-heading-title elementor-size-default\">Equipamiento<\/h4>\t\t<\/div>\n\t\t\t\t<\/div>\n\t\t\t\t<div class=\"elementor-element elementor-element-6de5dc7 elementor-widget elementor-widget-text-editor\" data-id=\"6de5dc7\" data-element_type=\"widget\" data-widget_type=\"text-editor.default\">\n\t\t\t\t<div class=\"elementor-widget-container\">\n\t\t\t\t\t\t\t<p>Precicast Br cuenta con equipos de \u00faltima generaci\u00f3n para el proceso de fundici\u00f3n a la cera perdida y se mantiene siempre actualizada, buscando lo mejor en Brasil y en el exterior.<\/p>\t\t\t\t\t\t<\/div>\n\t\t\t\t<\/div>\n\t\t\t\t<\/div>\n\t\t\t\t\t<\/div>\n\t\t\t\t<\/div>\n\t\t<div class=\"elementor-element elementor-element-67056e3 e-flex e-con-boxed e-con e-parent\" data-id=\"67056e3\" data-element_type=\"container\" data-settings=\"{&quot;background_background&quot;:&quot;classic&quot;,&quot;container_type&quot;:&quot;flex&quot;,&quot;content_width&quot;:&quot;boxed&quot;}\" data-core-v316-plus=\"true\">\n\t\t\t\t\t<div class=\"e-con-inner\">\n\t\t<div class=\"elementor-element elementor-element-8780f9c e-con-full e-flex e-con e-child\" data-id=\"8780f9c\" data-element_type=\"container\" data-settings=\"{&quot;content_width&quot;:&quot;full&quot;,&quot;container_type&quot;:&quot;flex&quot;}\">\n\t\t\t\t<div class=\"elementor-element elementor-element-4604c54 elementor-widget elementor-widget-heading\" data-id=\"4604c54\" data-element_type=\"widget\" data-widget_type=\"heading.default\">\n\t\t\t\t<div class=\"elementor-widget-container\">\n\t\t\t<h4 class=\"elementor-heading-title elementor-size-default\">Certificaciones<\/h4>\t\t<\/div>\n\t\t\t\t<\/div>\n\t\t\t\t<div class=\"elementor-element elementor-element-8878929 elementor-widget elementor-widget-text-editor\" data-id=\"8878929\" data-element_type=\"widget\" data-widget_type=\"text-editor.default\">\n\t\t\t\t<div class=\"elementor-widget-container\">\n\t\t\t\t\t\t\t<ul><li>ISO 9000;<\/li><li>ISO TS 16.949;<\/li><li>T\u00edtulo de Registro del Ej\u00e9rcito Brasile\u00f1o, autorizaci\u00f3n para producir piezas de armas;<\/li><li>Certificado de Registro del Ej\u00e9rcito Brasile\u00f1o, autorizaci\u00f3n para utilizar productos qu\u00edmicos reglamentados por el Ej\u00e9rcito;<\/li><li>Certificado de la Polic\u00eda Federal, autorizaci\u00f3n para el uso de productos qu\u00edmicos reglamentados por la Polic\u00eda Federal.<\/li><\/ul>\t\t\t\t\t\t<\/div>\n\t\t\t\t<\/div>\n\t\t\t\t<\/div>\n\t\t<div class=\"elementor-element elementor-element-d49f3e3 e-con-full e-flex e-con e-child\" data-id=\"d49f3e3\" data-element_type=\"container\" data-settings=\"{&quot;content_width&quot;:&quot;full&quot;,&quot;background_background&quot;:&quot;classic&quot;,&quot;container_type&quot;:&quot;flex&quot;}\">\n\t\t\t\t<div class=\"elementor-element elementor-element-252db7a elementor-widget elementor-widget-image\" data-id=\"252db7a\" data-element_type=\"widget\" data-widget_type=\"image.default\">\n\t\t\t\t<div class=\"elementor-widget-container\">\n\t\t\t<style>\/*! elementor - v3.16.0 - 17-10-2023 *\/\n.elementor-widget-image{text-align:center}.elementor-widget-image a{display:inline-block}.elementor-widget-image a img[src$=\".svg\"]{width:48px}.elementor-widget-image img{vertical-align:middle;display:inline-block}<\/style>\t\t\t\t\t\t\t\t\t\t\t\t<img loading=\"lazy\" decoding=\"async\" width=\"300\" height=\"300\" src=\"https:\/\/www.precicast.com.br\/wp-content\/uploads\/2023\/10\/certificado-300x300.png\" class=\"attachment-medium size-medium wp-image-1819\" alt=\"\" srcset=\"https:\/\/www.precicast.com.br\/wp-content\/uploads\/2023\/10\/certificado-300x300.png 300w, https:\/\/www.precicast.com.br\/wp-content\/uploads\/2023\/10\/certificado-150x150.png 150w, https:\/\/www.precicast.com.br\/wp-content\/uploads\/2023\/10\/certificado.png 600w\" sizes=\"auto, (max-width: 300px) 100vw, 300px\" \/>\t\t\t\t\t\t\t\t\t\t\t\t\t\t\t<\/div>\n\t\t\t\t<\/div>\n\t\t\t\t<\/div>\n\t\t\t\t\t<\/div>\n\t\t\t\t<\/div>\n\t\t\t\t\t\t\t<\/div>","protected":false},"excerpt":{"rendered":"<p>Gest\u00e3o de qualidade A Precicast Br segue os preceitos das normas de certifica\u00e7\u00e3o da ISO 9001 e IATF 16949 e disp\u00f5e de laborat\u00f3rios pr\u00f3prios equipados para atender as exig\u00eancias qu\u00edmicas, f\u00edsicas, metal\u00fargicas e dimensionais de acordo com as especifica\u00e7\u00f5es do seu projeto. Tecnologia A base inicial da tecnologia da Precicast Br vem das experi\u00eancias vivenciadas [&hellip;]<\/p>","protected":false},"author":1,"featured_media":0,"parent":154,"menu_order":0,"comment_status":"closed","ping_status":"closed","template":"","meta":{"footnotes":""},"class_list":["post-158","page","type-page","status-publish","hentry"],"_links":{"self":[{"href":"https:\/\/www.precicast.com.br\/es\/wp-json\/wp\/v2\/pages\/158","targetHints":{"allow":["GET"]}}],"collection":[{"href":"https:\/\/www.precicast.com.br\/es\/wp-json\/wp\/v2\/pages"}],"about":[{"href":"https:\/\/www.precicast.com.br\/es\/wp-json\/wp\/v2\/types\/page"}],"author":[{"embeddable":true,"href":"https:\/\/www.precicast.com.br\/es\/wp-json\/wp\/v2\/users\/1"}],"replies":[{"embeddable":true,"href":"https:\/\/www.precicast.com.br\/es\/wp-json\/wp\/v2\/comments?post=158"}],"version-history":[{"count":65,"href":"https:\/\/www.precicast.com.br\/es\/wp-json\/wp\/v2\/pages\/158\/revisions"}],"predecessor-version":[{"id":2101,"href":"https:\/\/www.precicast.com.br\/es\/wp-json\/wp\/v2\/pages\/158\/revisions\/2101"}],"up":[{"embeddable":true,"href":"https:\/\/www.precicast.com.br\/es\/wp-json\/wp\/v2\/pages\/154"}],"wp:attachment":[{"href":"https:\/\/www.precicast.com.br\/es\/wp-json\/wp\/v2\/media?parent=158"}],"curies":[{"name":"wp","href":"https:\/\/api.w.org\/{rel}","templated":true}]}}